{"id":951,"date":"2018-06-29T17:40:25","date_gmt":"2018-06-29T20:40:25","guid":{"rendered":"https:\/\/isfdyt70-bue.infd.edu.ar\/sitio\/planilla-solicitud-de-equivalencia-por-asignatura\/"},"modified":"2026-03-03T19:08:51","modified_gmt":"2026-03-03T22:08:51","slug":"solicitud-de-equivalencia","status":"publish","type":"page","link":"https:\/\/isfdyt70-bue.infd.edu.ar\/sitio\/solicitud-de-equivalencia\/","title":{"rendered":"Solicitud de Equivalencia"},"content":{"rendered":"\n<p><span style=\"text-decoration: underline;\"><strong>P<\/strong><strong>ara la solicitud de reconocimiento&nbsp;&nbsp;no podr\u00e1 exceder&nbsp;<\/strong><strong>los seis \u00faltimos a\u00f1os desde la fecha de acreditaci\u00f3n final.<\/strong><\/span><\/p>\n\n\n\n<p><span style=\"text-decoration: underline;\">&nbsp;<\/span>El alumno\/a que solicite equivalencias debe presentar.<\/p>\n\n\n\n<p>-Formulario A14: Resumen de solicitud de equivalencia.<\/p>\n\n\n\n<p>\u2022 Formulario A14a: Solicitud de equivalencia por unidad curricular\/materia.<\/p>\n\n\n\n<p>\u2022 Formulario A10: Anal\u00edtico&nbsp; de materias aprobadas en original extendido por la instituci\u00f3n de Educaci\u00f3n Superior que corresponda o fotocopia autenticada de t\u00edtulo.<\/p>\n\n\n\n<p>\u2022 Los programas de las materias que presenta para el otorgamiento de la equivalencia deber\u00e1n estar certificados (foliados, con nota, fecha y firma original de personal jer\u00e1rquico)<\/p>\n\n\n\n<p>Toda la documentaci\u00f3n se entregar\u00e1 a Preceptor\u00eda\/Secretar\u00eda de la siguiente forma:<\/p>\n\n\n\n<p><strong>Una carpeta con el formulario A14\u00a0 y\u00a0 A14a con el correspondiente folio para cada una de las unidades curriculares\/materias solicitadas con sus respectivos programas \/ Formulario A10 o fotocopia autenticada de t\u00edtulo<\/strong>.<\/p>\n\n\n\n<p>Preceptor\u00eda\/Secretar\u00eda recibe la documentaci\u00f3n que entrega el alumno\/a verificando que est\u00e9 completa y entrega al Profesor\/a que corresponda una carpeta con los Formularios A14a que correspondan.<\/p>\n\n\n\n<div class=\"wp-block-file\"><a id=\"wp-block-file--media-33574de1-f1dc-48be-922b-c82b6387033d\" href=\"https:\/\/isfdyt70-bue.infd.edu.ar\/sitio\/wp-content\/uploads\/2026\/02\/A14.solicitud_de_equivalencia_resumendoc.doc\">A14.solicitud_de_equivalencia_resumendoc<\/a><a href=\"https:\/\/isfdyt70-bue.infd.edu.ar\/sitio\/wp-content\/uploads\/2026\/02\/A14.solicitud_de_equivalencia_resumendoc.doc\" class=\"wp-block-file__button wp-element-button\" download aria-describedby=\"wp-block-file--media-33574de1-f1dc-48be-922b-c82b6387033d\">Descarga<\/a><\/div>\n\n\n\n<div class=\"wp-block-file\"><a id=\"wp-block-file--media-c1f363d5-a48f-4412-8902-e55e94645f72\" href=\"https:\/\/isfdyt70-bue.infd.edu.ar\/sitio\/wp-content\/uploads\/2026\/02\/A14asolicitud_equivalencia_por_asignatura_1.docx\">A14asolicitud_equivalencia_por_asignatura_1<\/a><a href=\"https:\/\/isfdyt70-bue.infd.edu.ar\/sitio\/wp-content\/uploads\/2026\/02\/A14asolicitud_equivalencia_por_asignatura_1.docx\" class=\"wp-block-file__button wp-element-button\" download aria-describedby=\"wp-block-file--media-c1f363d5-a48f-4412-8902-e55e94645f72\">Descarga<\/a><\/div>\n","protected":false},"excerpt":{"rendered":"<p>Para la solicitud de reconocimiento&nbsp;&nbsp;no podr\u00e1 exceder&nbsp;los seis \u00faltimos a\u00f1os desde la fecha de acreditaci\u00f3n final. &nbsp;El alumno\/a que solicite equivalencias debe presentar. -Formulario A14: Resumen de solicitud de equivalencia. \u2022 Formulario A14a: Solicitud de equivalencia por unidad curricular\/materia. \u2022 Formulario A10: Anal\u00edtico&nbsp; de materias aprobadas en original extendido por la instituci\u00f3n de Educaci\u00f3n Superior &#8230; <a title=\"Solicitud de Equivalencia\" class=\"read-more\" href=\"https:\/\/isfdyt70-bue.infd.edu.ar\/sitio\/solicitud-de-equivalencia\/\" aria-label=\"More on Solicitud de Equivalencia\">[+]<\/a><\/p>\n","protected":false},"author":444,"featured_media":0,"parent":0,"menu_order":0,"comment_status":"closed","ping_status":"closed","template":"","meta":[],"acf":[],"_links":{"self":[{"href":"https:\/\/isfdyt70-bue.infd.edu.ar\/sitio\/wp-json\/wp\/v2\/pages\/951"}],"collection":[{"href":"https:\/\/isfdyt70-bue.infd.edu.ar\/sitio\/wp-json\/wp\/v2\/pages"}],"about":[{"href":"https:\/\/isfdyt70-bue.infd.edu.ar\/sitio\/wp-json\/wp\/v2\/types\/page"}],"author":[{"embeddable":true,"href":"https:\/\/isfdyt70-bue.infd.edu.ar\/sitio\/wp-json\/wp\/v2\/users\/444"}],"replies":[{"embeddable":true,"href":"https:\/\/isfdyt70-bue.infd.edu.ar\/sitio\/wp-json\/wp\/v2\/comments?post=951"}],"version-history":[{"count":10,"href":"https:\/\/isfdyt70-bue.infd.edu.ar\/sitio\/wp-json\/wp\/v2\/pages\/951\/revisions"}],"predecessor-version":[{"id":3220,"href":"https:\/\/isfdyt70-bue.infd.edu.ar\/sitio\/wp-json\/wp\/v2\/pages\/951\/revisions\/3220"}],"wp:attachment":[{"href":"https:\/\/isfdyt70-bue.infd.edu.ar\/sitio\/wp-json\/wp\/v2\/media?parent=951"}],"curies":[{"name":"wp","href":"https:\/\/api.w.org\/{rel}","templated":true}]}}