{"id":917,"date":"2018-06-29T17:40:11","date_gmt":"2018-06-29T20:40:11","guid":{"rendered":"https:\/\/isfdyt70-bue.infd.edu.ar\/sitio\/profesorado-de-educacion-primaria\/"},"modified":"2025-06-04T16:20:11","modified_gmt":"2025-06-04T19:20:11","slug":"profesorado-de-educacion-primaria","status":"publish","type":"page","link":"https:\/\/isfdyt70-bue.infd.edu.ar\/sitio\/profesorado-de-educacion-primaria\/","title":{"rendered":"Profesorado de Educaci\u00f3n Primaria"},"content":{"rendered":"<p><a title=\"Dise\u00f1o Curricular Educaci\u00f3n Primaria E Inicial\" href=\"upload\/DISENIO_CURRICULAR_EDUCACION_PRIMARIA_E_INICIAL.doc\" data-wplink-edit=\"true\">DISE\u00d1O CURICULAR DE PRIMARIA E INICIAL<\/a><\/p>\n<p><strong>Nombre de la Carrera:\u00a0 Profesorado de Educaci\u00f3n Primaria\u00a0<\/strong><\/p>\n<p><strong>T\u00edtulo que otorga: Profesor\/a de Educaci\u00f3n Primaria<\/strong><\/p>\n<p><strong>Duraci\u00f3n: 4 a\u00f1os<\/strong><\/p>\n<p><strong>Resoluci\u00f3n N\u00ba\u00a0 4154\/07<\/strong><\/p>\n<p>\u00a0<\/p>\n<h5><strong>1er. A\u00f1o Primaria<\/strong><\/h5>\n<table border=\"0\" cellspacing=\"0\" cellpadding=\"0\">\n<tbody>\n<tr>\n<td valign=\"top\" width=\"327\">\u00a0<\/td>\n<td valign=\"top\" width=\"327\">\n<p><strong>Campo de Actualizaci\u00f3n Formativa<\/strong><\/p>\n<\/td>\n<td valign=\"top\" width=\"327\">\u00a0<\/td>\n<\/tr>\n<tr>\n<td valign=\"top\" width=\"327\">\n<p>Taller de lectura, escritura y oralidad\u00a0\u00a0\u00a0\u00a0\u00a0 (64)<\/p>\n<\/td>\n<td valign=\"top\" width=\"327\">\n<p>Taller de pensamiento l\u00f3gico matem\u00e1tico (64)<\/p>\n<\/td>\n<td valign=\"top\" width=\"327\">\n<p>Taller de definici\u00f3n institucional<\/p>\n<p>\u00a0(64)<\/p>\n<\/td>\n<\/tr>\n<\/tbody>\n<\/table>\n<table style=\"font-size: inherit;\" border=\"0\" cellspacing=\"0\" cellpadding=\"0\">\n<tbody>\n<tr>\n<td valign=\"top\" width=\"140\">\u00a0<\/td>\n<td valign=\"top\" width=\"191\">\u00a0<\/td>\n<td valign=\"top\" width=\"24\">\u00a0<\/td>\n<td valign=\"top\" width=\"276\">\n<p><strong>Campo de la Pr\u00e1ctica Docente<\/strong><\/p>\n<\/td>\n<td valign=\"top\" width=\"24\">\u00a0<\/td>\n<td valign=\"top\" width=\"185\">\u00a0<\/td>\n<td valign=\"top\" width=\"140\">\u00a0<\/td>\n<\/tr>\n<tr>\n<td valign=\"top\" width=\"140\">\n<p><strong>\u00a0<\/strong><\/p>\n<\/td>\n<td valign=\"top\" width=\"191\">\u00a0<\/td>\n<td valign=\"top\" width=\"24\">\u00a0<\/td>\n<td valign=\"top\" width=\"276\">\n<p><em>Pr\u00e1ctica en terreno:<\/em><\/p>\n<p>Experiencia social en espacios y organizaciones de la comunidad<\/p>\n<p>(32)<\/p>\n<\/td>\n<td valign=\"top\" width=\"24\">\u00a0<\/td>\n<td valign=\"top\" width=\"185\">\u00a0<\/td>\n<td valign=\"top\" width=\"140\">\u00a0<\/td>\n<\/tr>\n<tr>\n<td valign=\"top\" width=\"140\">\n<p><strong>Campo de la Subjetividad y las Culturas<\/strong><\/p>\n<\/td>\n<td valign=\"top\" width=\"191\">\n<p>Psicolog\u00eda del desarrollo y el aprendizaje I (64)<\/p>\n<p>\u00a0<\/p>\n<\/td>\n<td valign=\"top\" width=\"24\">\u00a0<\/td>\n<td valign=\"top\" width=\"276\">\n<p><strong>\u00a0<\/strong><\/p>\n<p><strong>Taller Integrador Interdisciplinario<\/strong><\/p>\n<p><em>\u00a0<\/em><\/p>\n<p><em>Ciudad educadora<\/em><\/p>\n<p>(32)<\/p>\n<\/td>\n<td valign=\"top\" width=\"24\">\u00a0<\/td>\n<td valign=\"top\" width=\"185\">\n<p>Corporeidad y motricidad (32)<\/p>\n<p>Arte y educaci\u00f3n (64)<\/p>\n<\/td>\n<td valign=\"top\" width=\"140\">\n<p><strong>Campo de los Saberes a Ense\u00f1ar<\/strong><\/p>\n<\/td>\n<\/tr>\n<tr>\n<td valign=\"top\" width=\"140\">\u00a0<\/td>\n<td valign=\"top\" width=\"191\">\u00a0<\/td>\n<td valign=\"top\" width=\"24\">\u00a0<\/td>\n<td valign=\"top\" width=\"276\">\n<p><em>Herramientas:<\/em><\/p>\n<p>Educaci\u00f3n social y estrategias<\/p>\n<p>de educaci\u00f3n popular (32)<\/p>\n<\/td>\n<td valign=\"top\" width=\"24\">\u00a0<\/td>\n<td valign=\"top\" width=\"185\">\u00a0<\/td>\n<td valign=\"top\" width=\"140\">\u00a0<\/td>\n<\/tr>\n<\/tbody>\n<\/table>\n<table style=\"font-size: inherit;\" border=\"0\" cellspacing=\"0\" cellpadding=\"0\">\n<tbody>\n<tr>\n<td valign=\"top\" width=\"235\">\n<p>Filosof\u00eda (64)<\/p>\n<\/td>\n<td colspan=\"2\" valign=\"top\" width=\"228\">\n<p>Did\u00e1ctica general (64)<\/p>\n<\/td>\n<td colspan=\"2\" valign=\"top\" width=\"228\">\n<p>Pedagog\u00eda (64)<\/p>\n<\/td>\n<td valign=\"top\" width=\"289\">\n<p>An\u00e1lisis del mundo contempor\u00e1neo (32)<\/p>\n<\/td>\n<\/tr>\n<tr>\n<td colspan=\"2\" valign=\"top\" width=\"327\">\u00a0<\/td>\n<td colspan=\"2\" valign=\"top\" width=\"327\">\n<p><strong>Campo de la Fundamentaci\u00f3n<\/strong><\/p>\n<\/td>\n<td colspan=\"2\" valign=\"top\" width=\"327\">\u00a0<\/td>\n<\/tr>\n<tr>\n<td width=\"172\">\u00a0<\/td>\n<td width=\"72\">\u00a0<\/td>\n<td width=\"102\">\u00a0<\/td>\n<td width=\"151\">\u00a0<\/td>\n<td width=\"26\">\u00a0<\/td>\n<td width=\"224\">\u00a0<\/td>\n<\/tr>\n<\/tbody>\n<\/table>\n<p><strong>Total de horas: 672 hs.<\/strong><\/p>\n<h5><strong>2\u00ba A\u00f1o Primaria<\/strong><\/h5>\n<table border=\"0\" cellspacing=\"0\" cellpadding=\"0\">\n<tbody>\n<tr>\n<td valign=\"top\" width=\"140\">\u00a0<\/td>\n<td valign=\"top\" width=\"191\">\u00a0<\/td>\n<td valign=\"top\" width=\"24\">\u00a0<\/td>\n<td valign=\"top\" width=\"276\">\n<p><strong>Campo de la Pr\u00e1ctica Docente<\/strong><\/p>\n<\/td>\n<td valign=\"top\" width=\"24\">\u00a0<\/td>\n<td valign=\"top\" width=\"185\">\u00a0<\/td>\n<td valign=\"top\" width=\"140\">\u00a0<\/td>\n<\/tr>\n<tr>\n<td valign=\"top\" width=\"140\">\n<p><strong>\u00a0<\/strong><\/p>\n<\/td>\n<td valign=\"top\" width=\"191\">\u00a0<\/td>\n<td valign=\"top\" width=\"24\">\u00a0<\/td>\n<td valign=\"top\" width=\"276\">\n<p><em>Pr\u00e1ctica en terreno:<\/em><\/p>\n<p>En instituciones educativas<\/p>\n<p>(distintos \u00e1mbitos: urbano, suburbano, rural)<\/p>\n<p>(64)<\/p>\n<\/td>\n<td valign=\"top\" width=\"24\">\u00a0<\/td>\n<td valign=\"top\" width=\"185\">\n<p>Educaci\u00f3n art\u00edstica (64)<\/p>\n<p>Did\u00e1ctica de Pr\u00e1cticas del Lenguaje y\u00a0 la Literatura I (64)<\/p>\n<\/td>\n<td valign=\"top\" width=\"140\">\u00a0<\/td>\n<\/tr>\n<tr>\n<td valign=\"top\" width=\"140\">\n<p><strong>Campo de la Subjetividad y las Culturas<\/strong><\/p>\n<\/td>\n<td valign=\"top\" width=\"191\">\n<p>Psicolog\u00eda del desarrollo y el aprendizaje II (64)<\/p>\n<p>Psicolog\u00eda social e institucional (32)<\/p>\n<p>Cultura, comunicaci\u00f3n y educaci\u00f3n (32)<\/p>\n<\/td>\n<td valign=\"top\" width=\"24\">\u00a0<\/td>\n<td valign=\"top\" width=\"276\">\n<p><strong>\u00a0<\/strong><strong>Taller Integrador Interdisciplinario<\/strong><\/p>\n<p><em>\u00a0<\/em><\/p>\n<p><em>Espacio escolar<\/em><\/p>\n<p><em>y realidad educativa<\/em><\/p>\n<p>(32)<\/p>\n<p>\u00a0<\/p>\n<\/td>\n<td valign=\"top\" width=\"24\">\u00a0<\/td>\n<td valign=\"top\" width=\"185\">\n<p>Did\u00e1ctica de las Ciencias Sociales I (64)<\/p>\n<p>Did\u00e1ctica de las Ciencias Naturales I (64)<\/p>\n<p>Did\u00e1ctica de la Matem\u00e1tica I (64)<\/p>\n<\/td>\n<td valign=\"top\" width=\"140\">\n<p><strong>Campo de los Saberes a Ense\u00f1ar<\/strong><\/p>\n<\/td>\n<\/tr>\n<tr>\n<td valign=\"top\" width=\"140\">\u00a0<\/td>\n<td valign=\"top\" width=\"191\">\u00a0<\/td>\n<td valign=\"top\" width=\"24\">\u00a0<\/td>\n<td valign=\"top\" width=\"276\">\n<p><em>Herramientas:<\/em><\/p>\n<p>Aproximaci\u00f3n y an\u00e1lisis cualitativo institucional (32)<\/p>\n<\/td>\n<td valign=\"top\" width=\"24\">\u00a0<\/td>\n<td valign=\"top\" width=\"185\">\u00a0<\/td>\n<td valign=\"top\" width=\"140\">\u00a0<\/td>\n<\/tr>\n<\/tbody>\n<\/table>\n<table border=\"0\" cellspacing=\"0\" cellpadding=\"0\">\n<tbody>\n<tr>\n<td valign=\"top\" width=\"490\">\n<p>Teor\u00edas sociopol\u00edticas y educaci\u00f3n (64)<\/p>\n<\/td>\n<td valign=\"top\" width=\"490\">\n<p>Did\u00e1ctica y curr\u00edculum de Nivel Primario (64)<\/p>\n<\/td>\n<\/tr>\n<tr>\n<td valign=\"top\" width=\"490\">\n<p><strong>Campo de la<\/strong><\/p>\n<\/td>\n<td valign=\"top\" width=\"490\">\n<p><strong>\u00a0Fundamentaci\u00f3n<\/strong><\/p>\n<\/td>\n<\/tr>\n<\/tbody>\n<\/table>\n<p><strong>Total de horas: 704 hs.<\/strong><\/p>\n<h5><strong>3er. A\u00f1o Primaria<\/strong><\/h5>\n<table border=\"0\" cellspacing=\"0\" cellpadding=\"0\">\n<tbody>\n<tr>\n<td valign=\"top\" width=\"140\">\u00a0<\/td>\n<td valign=\"top\" width=\"191\">\u00a0<\/td>\n<td valign=\"top\" width=\"24\">\u00a0<\/td>\n<td valign=\"top\" width=\"276\">\n<p><strong>Campo de la Pr\u00e1ctica Docente<\/strong><\/p>\n<\/td>\n<td valign=\"top\" width=\"24\">\u00a0<\/td>\n<td valign=\"top\" width=\"185\">\u00a0<\/td>\n<td valign=\"top\" width=\"140\">\u00a0<\/td>\n<\/tr>\n<tr>\n<td valign=\"top\" width=\"140\">\n<p><strong>\u00a0<\/strong><\/p>\n<\/td>\n<td valign=\"top\" width=\"191\">\u00a0<\/td>\n<td valign=\"top\" width=\"24\">\u00a0<\/td>\n<td valign=\"top\" width=\"276\">\n<p><em>Pr\u00e1ctica en terreno:<\/em><\/p>\n<p>En el aula, en el nivel de formaci\u00f3n<\/p>\n<p>(128)<\/p>\n<\/td>\n<td valign=\"top\" width=\"24\">\u00a0<\/td>\n<td valign=\"top\" width=\"185\">\n<p>Educaci\u00f3n F\u00edsica escolar (64)<\/p>\n<p>Did\u00e1ctica de Pr\u00e1cticas del Lenguaje y\u00a0 la Literatura II (64)<\/p>\n<\/td>\n<td valign=\"top\" width=\"140\">\u00a0<\/td>\n<\/tr>\n<tr>\n<td valign=\"top\" width=\"140\">\n<p><strong>Campo de la Subjetividad y las Culturas<\/strong><\/p>\n<\/td>\n<td valign=\"top\" width=\"191\">\n<p>Configuraciones culturales del sujeto educativo de Primaria (32)<\/p>\n<p>Medios audiovisuales, TIC\u2019s y educaci\u00f3n (32)<\/p>\n<\/td>\n<td valign=\"top\" width=\"24\">\u00a0<\/td>\n<td valign=\"top\" width=\"276\">\n<p><strong>\u00a0<\/strong><strong>Taller Integrador Interdisciplinario<\/strong><\/p>\n<p><em>\u00a0<\/em><\/p>\n<p><em>Relaci\u00f3n educativa<\/em><\/p>\n<p>(32)<\/p>\n<p>\u00a0<\/p>\n<\/td>\n<td valign=\"top\" width=\"24\">\u00a0<\/td>\n<td valign=\"top\" width=\"185\">\n<p>Did\u00e1ctica de las Ciencias Sociales II (64)<\/p>\n<p>Did\u00e1ctica de las Ciencias Naturales II (64)<\/p>\n<\/td>\n<td valign=\"top\" width=\"140\">\n<p><strong>Campo de los Saberes a Ense\u00f1ar<\/strong><\/p>\n<\/td>\n<\/tr>\n<tr>\n<td valign=\"top\" width=\"140\">\u00a0<\/td>\n<td valign=\"top\" width=\"191\">\u00a0<\/td>\n<td valign=\"top\" width=\"24\">\u00a0<\/td>\n<td valign=\"top\" width=\"276\">\n<p><em>Herramientas:<\/em><\/p>\n<p>Investigaci\u00f3n en y para la acci\u00f3n educativa (32)<\/p>\n<\/td>\n<td valign=\"top\" width=\"24\">\u00a0<\/td>\n<td valign=\"top\" width=\"185\">\n<p>Did\u00e1ctica de la Matem\u00e1tica II (64)<\/p>\n<\/td>\n<td valign=\"top\" width=\"140\">\u00a0<\/td>\n<\/tr>\n<\/tbody>\n<\/table>\n<table border=\"0\" cellspacing=\"0\" cellpadding=\"0\">\n<tbody>\n<tr>\n<td valign=\"top\" width=\"490\">\n<p>Historia y prospectiva de la educaci\u00f3n (64)<\/p>\n<\/td>\n<td valign=\"top\" width=\"490\">\n<p>Pol\u00edticas, legislaci\u00f3n y administraci\u00f3n del trabajo escolar (64)<\/p>\n<\/td>\n<\/tr>\n<tr>\n<td valign=\"top\" width=\"490\">\n<p><strong>Campo de la<\/strong><\/p>\n<\/td>\n<td valign=\"top\" width=\"490\">\n<p><strong>\u00a0Fundamentaci\u00f3n<\/strong><\/p>\n<\/td>\n<\/tr>\n<\/tbody>\n<\/table>\n<p><strong>Total de horas: 704 hs.<\/strong><\/p>\n<p><strong>4\u00ba A\u00f1o Primaria<\/strong><\/p>\n<table border=\"0\" cellspacing=\"0\" cellpadding=\"0\">\n<tbody>\n<tr>\n<td valign=\"top\" width=\"140\">\u00a0<\/td>\n<td valign=\"top\" width=\"191\">\u00a0<\/td>\n<td valign=\"top\" width=\"24\">\u00a0<\/td>\n<td valign=\"top\" width=\"276\">\n<p><strong>Campo de la Pr\u00e1ctica Docente<\/strong><\/p>\n<\/td>\n<td valign=\"top\" width=\"24\">\u00a0<\/td>\n<td valign=\"top\" width=\"185\">\u00a0<\/td>\n<td valign=\"top\" width=\"140\">\u00a0<\/td>\n<\/tr>\n<tr>\n<td valign=\"top\" width=\"140\">\n<p><strong>\u00a0<\/strong><\/p>\n<\/td>\n<td valign=\"top\" width=\"191\">\u00a0<\/td>\n<td valign=\"top\" width=\"24\">\u00a0<\/td>\n<td valign=\"top\" width=\"276\">\n<p><em>Pr\u00e1ctica en terreno:<\/em><\/p>\n<p>En el aula, en el nivel de formaci\u00f3n<\/p>\n<p>(256)<\/p>\n<\/td>\n<td valign=\"top\" width=\"24\">\u00a0<\/td>\n<td valign=\"top\" width=\"185\">\n<p>Ateneo de Pr\u00e1cticas del Lenguaje y la Literatura (64)<\/p>\n<\/td>\n<td valign=\"top\" width=\"140\">\u00a0<\/td>\n<\/tr>\n<tr>\n<td valign=\"top\" width=\"140\">\n<p><strong>Campo de la Subjetividad y las Culturas<\/strong><\/p>\n<\/td>\n<td valign=\"top\" width=\"191\">\n<p>Pedagog\u00eda cr\u00edtica de las diferencias (32)<\/p>\n<p>\u00a0<\/p>\n<\/td>\n<td valign=\"top\" width=\"24\">\u00a0<\/td>\n<td valign=\"top\" width=\"276\">\n<p><strong>\u00a0<\/strong><strong>Taller Integrador Interdisciplinario<\/strong><\/p>\n<p><em>\u00a0<\/em><\/p>\n<p><em>Posicionamiento docente<\/em><\/p>\n<p>(32)<\/p>\n<p>\u00a0<\/p>\n<\/td>\n<td valign=\"top\" width=\"24\">\u00a0<\/td>\n<td valign=\"top\" width=\"185\">\n<p>Ateneo de Ciencias Sociales (64)<\/p>\n<p>Ateneo de Ciencias Naturales (64)<\/p>\n<p>Ateneo de Matem\u00e1tica (64)<\/p>\n<\/td>\n<td valign=\"top\" width=\"140\">\n<p><strong>Campo de los Saberes a Ense\u00f1ar<\/strong><\/p>\n<\/td>\n<\/tr>\n<\/tbody>\n<\/table>\n<table border=\"0\" cellspacing=\"0\" cellpadding=\"0\">\n<tbody>\n<tr>\n<td valign=\"top\" width=\"490\">\n<p>Reflexi\u00f3n filos\u00f3fica de la educaci\u00f3n (32)<\/p>\n<\/td>\n<td valign=\"top\" width=\"490\">\n<p>Dimensi\u00f3n \u00e9tico-pol\u00edtica de la praxis docente (32)<\/p>\n<\/td>\n<\/tr>\n<tr>\n<td valign=\"top\" width=\"490\">\n<p><strong>Campo de la<\/strong><\/p>\n<\/td>\n<td valign=\"top\" width=\"490\">\n<p><strong>\u00a0Fundamentaci\u00f3n<\/strong><\/p>\n<\/td>\n<\/tr>\n<\/tbody>\n<\/table>\n<p><strong>Total de horas: 640 hs.<\/strong><\/p>\n<table style=\"font-size: inherit;\" border=\"0\" cellspacing=\"0\" cellpadding=\"0\">\n<tbody>\n<tr>\n<td valign=\"top\" width=\"981\">\n<p><strong>Trayectos Formativos Opcionales<\/strong><\/p>\n<\/td>\n<\/tr>\n<tr>\n<td valign=\"top\" width=\"981\">\n<p>Espacios de definici\u00f3n institucional (160)<\/p>\n<p>(En estas horas se considera el Taller proped\u00e9utico de opci\u00f3n y definici\u00f3n institucional)<\/p>\n<\/td>\n<\/tr>\n<\/tbody>\n<\/table>\n<p><strong>T\u00edtulo: PROFESOR DE EDUCACI\u00d3N PRIMARIA<\/strong><\/p>\n<p><strong>Carga horaria total: 2816 horas<\/strong><\/p>\n<p>Para el c\u00e1lculo de los M\u00f3dulos semanales debe dividirse el n\u00famero total de horas por 32. As\u00ed, a 32 horas corresponde 1 M\u00f3dulo semanal; a 64 horas: 2 M\u00f3dulos, etc.<\/p>\n\n\n<p><\/p>\n","protected":false},"excerpt":{"rendered":"<p>DISE\u00d1O CURICULAR DE PRIMARIA E INICIAL Nombre de la Carrera:\u00a0 Profesorado de Educaci\u00f3n Primaria\u00a0 T\u00edtulo que otorga: Profesor\/a de Educaci\u00f3n Primaria Duraci\u00f3n: 4 a\u00f1os Resoluci\u00f3n N\u00ba\u00a0 4154\/07 \u00a0 1er. A\u00f1o Primaria \u00a0 Campo de Actualizaci\u00f3n Formativa \u00a0 Taller de lectura, escritura y oralidad\u00a0\u00a0\u00a0\u00a0\u00a0 (64) Taller de pensamiento l\u00f3gico matem\u00e1tico (64) Taller de definici\u00f3n institucional \u00a0(64) &#8230; <a title=\"Profesorado de Educaci\u00f3n Primaria\" class=\"read-more\" href=\"https:\/\/isfdyt70-bue.infd.edu.ar\/sitio\/profesorado-de-educacion-primaria\/\" aria-label=\"More on Profesorado de Educaci\u00f3n Primaria\">[+]<\/a><\/p>\n","protected":false},"author":444,"featured_media":0,"parent":0,"menu_order":0,"comment_status":"closed","ping_status":"closed","template":"","meta":[],"acf":[],"_links":{"self":[{"href":"https:\/\/isfdyt70-bue.infd.edu.ar\/sitio\/wp-json\/wp\/v2\/pages\/917"}],"collection":[{"href":"https:\/\/isfdyt70-bue.infd.edu.ar\/sitio\/wp-json\/wp\/v2\/pages"}],"about":[{"href":"https:\/\/isfdyt70-bue.infd.edu.ar\/sitio\/wp-json\/wp\/v2\/types\/page"}],"author":[{"embeddable":true,"href":"https:\/\/isfdyt70-bue.infd.edu.ar\/sitio\/wp-json\/wp\/v2\/users\/444"}],"replies":[{"embeddable":true,"href":"https:\/\/isfdyt70-bue.infd.edu.ar\/sitio\/wp-json\/wp\/v2\/comments?post=917"}],"version-history":[{"count":5,"href":"https:\/\/isfdyt70-bue.infd.edu.ar\/sitio\/wp-json\/wp\/v2\/pages\/917\/revisions"}],"predecessor-version":[{"id":2819,"href":"https:\/\/isfdyt70-bue.infd.edu.ar\/sitio\/wp-json\/wp\/v2\/pages\/917\/revisions\/2819"}],"wp:attachment":[{"href":"https:\/\/isfdyt70-bue.infd.edu.ar\/sitio\/wp-json\/wp\/v2\/media?parent=917"}],"curies":[{"name":"wp","href":"https:\/\/api.w.org\/{rel}","templated":true}]}}