{"id":915,"date":"2018-06-29T17:40:10","date_gmt":"2018-06-29T20:40:10","guid":{"rendered":"https:\/\/isfdyt70-bue.infd.edu.ar\/sitio\/profesorado-de-educacion-fisica-2\/"},"modified":"2022-10-11T19:07:57","modified_gmt":"2022-10-11T22:07:57","slug":"profesorado-de-educacion-fisica-2","status":"publish","type":"page","link":"https:\/\/isfdyt70-bue.infd.edu.ar\/sitio\/profesorado-de-educacion-fisica-2\/","title":{"rendered":"Profesorado de Educaci\u00f3n F\u00edsica"},"content":{"rendered":"<p><a title=\"Plan Estudios Profesorado de Educaci\u00f3n F\u00edsica \" href=\"upload\/Plan_de_Estudios_Profesorado_de_Educacion_Fisica_Plan_2009.doc\" data-wplink-edit=\"true\"><span style=\"text-decoration: underline;\">DESCARGAR EL PLAN DE ESTUDIOS DE LA CARRERA<\/span><\/a><\/p>\n<p><strong>Nombre de la Carrera:\u00a0Profesorado de Educaci\u00f3n F\u00edsica<\/strong><\/p>\n<p><strong>T\u00edtulo que otorga:\u00a0Profesor de Educaci\u00f3n F\u00edsica<\/strong><\/p>\n<p><strong>Duraci\u00f3n:\u00a04 a\u00f1os<\/strong><\/p>\n<p><strong>Resoluci\u00f3n N\u00ba 2432\/09<\/strong><\/p>\n<p><strong>\u00a0<\/strong><\/p>\n<table border=\"1\" cellspacing=\"0\" cellpadding=\"0\">\n<tbody>\n<tr>\n<td colspan=\"3\" width=\"584\"><strong>PRIMER A\u00d1O<\/strong><\/td>\n<\/tr>\n<tr>\n<td width=\"177\"><strong>CAMPOS<\/strong><\/td>\n<td width=\"255\"><strong>ESTRUCTURA\u00a0 CURRICULAR<\/strong><\/td>\n<td width=\"151\"><strong>CARGA HORARIA ANUAL<\/strong><\/td>\n<\/tr>\n<tr>\n<td rowspan=\"2\" width=\"177\"><strong>CAMPO\u00a0 DE ACTUALIZACI\u00d3N<\/strong><\/p>\n<p><strong>FORMATIVA<\/strong><\/td>\n<td width=\"255\"><strong>Taller de lectura, escritura y oralidad.<\/strong><\/td>\n<td width=\"151\"><strong>64 m\u00f3dulos<\/strong><\/td>\n<\/tr>\n<tr>\n<td width=\"255\"><strong>Taller de educaci\u00f3n corporal y motriz<\/strong><\/td>\n<td width=\"151\"><strong>64 m\u00f3dulos<\/strong><\/td>\n<\/tr>\n<tr>\n<td width=\"177\"><strong>CAMPO\u00a0 DE LA SUBJETIVIDAD Y LAS CULTURAS<\/strong><\/td>\n<td width=\"255\"><strong>Psicolog\u00eda del desarrollo y el aprendizaje I<\/strong><\/td>\n<td width=\"151\"><strong>64 m\u00f3dulos<\/strong><\/td>\n<\/tr>\n<tr>\n<td rowspan=\"5\" width=\"177\"><strong>CAMPO DE LOS SABERES ESPEC\u00cdFICOS<\/strong><\/td>\n<td width=\"255\"><strong>Did\u00e1ctica de las pr\u00e1cticas gimn\u00e1sticas I<\/strong><\/td>\n<td width=\"151\"><strong>64 m\u00f3dulos<\/strong><\/td>\n<\/tr>\n<tr>\n<td width=\"255\"><strong>Did\u00e1ctica de las pr\u00e1cticas acu\u00e1ticas<\/strong><\/td>\n<td width=\"151\"><strong>64 m\u00f3dulos<\/strong><\/td>\n<\/tr>\n<tr>\n<td width=\"255\"><strong>Did\u00e1ctica de las pr\u00e1cticas l\u00fadicas<\/strong><\/td>\n<td width=\"151\"><strong>64 m\u00f3dulos<\/strong><\/td>\n<\/tr>\n<tr>\n<td width=\"255\"><strong>Anatom\u00eda funcional<\/strong><\/td>\n<td width=\"151\"><strong>64 m\u00f3dulos<\/strong><\/td>\n<\/tr>\n<tr>\n<td width=\"255\"><strong>Historia de la Educaci\u00f3n F\u00edsica en Latinoam\u00e9rica y Argentina<\/strong><\/td>\n<td width=\"151\"><strong>64 m\u00f3dulos<\/strong><\/td>\n<\/tr>\n<tr>\n<td rowspan=\"4\" width=\"177\"><strong>CAMPO DE LA FUNDAMENTACI\u00d3N<\/strong><\/td>\n<td width=\"255\"><strong>Filosof\u00eda<\/strong><\/td>\n<td width=\"151\"><strong>64 m\u00f3dulos<\/strong><\/td>\n<\/tr>\n<tr>\n<td width=\"255\"><strong>Did\u00e1ctica general<\/strong><\/td>\n<td width=\"151\"><strong>64 m\u00f3dulos<\/strong><\/td>\n<\/tr>\n<tr>\n<td width=\"255\"><strong>Pedagog\u00eda<\/strong><\/td>\n<td width=\"151\"><strong>64 m\u00f3dulos<\/strong><\/td>\n<\/tr>\n<tr>\n<td width=\"255\"><strong>An\u00e1lisis del mundo contempor\u00e1neo<\/strong><\/td>\n<td width=\"151\"><strong>32 m\u00f3dulos<\/strong><\/td>\n<\/tr>\n<tr>\n<td rowspan=\"3\" width=\"177\"><strong>CAMPO DE LA PR\u00c1CTICA DOCENTE<\/strong><\/td>\n<td width=\"255\"><strong>Pr\u00e1ctica en terreno<\/strong><\/td>\n<td width=\"151\"><strong>32 m\u00f3dulos<\/strong><\/td>\n<\/tr>\n<tr>\n<td width=\"255\"><strong>Taller integrador\u00a0 interdisciplinario<\/strong><\/td>\n<td width=\"151\"><strong>32 m\u00f3dulos<\/strong><\/td>\n<\/tr>\n<tr>\n<td width=\"255\"><strong>Herramientas<\/strong><\/td>\n<td width=\"151\"><strong>32 m\u00f3dulos<\/strong><\/td>\n<\/tr>\n<tr>\n<td colspan=\"3\" valign=\"top\" width=\"584\"><strong>Total de horas anuales 832 m\u00f3dulos<\/strong><\/td>\n<\/tr>\n<\/tbody>\n<\/table>\n<p><strong>\u00a0<\/strong><\/p>\n<table border=\"1\" cellspacing=\"0\" cellpadding=\"0\">\n<tbody>\n<tr>\n<td colspan=\"3\" width=\"584\"><strong>SEGUNDO A\u00d1O<\/strong><\/td>\n<\/tr>\n<tr>\n<td width=\"177\"><strong>CAMPOS<\/strong><\/td>\n<td width=\"255\"><strong>ESTRUCTURA\u00a0 CURRICULAR<\/strong><\/td>\n<td width=\"151\"><strong>CARGA HORARIA ANUAL<\/strong><\/td>\n<\/tr>\n<tr>\n<td width=\"177\"><strong>CAMPO\u00a0 DE LA SUBJETIVIDAD Y LAS CULTURAS<\/strong><\/td>\n<td width=\"255\"><strong>Psicolog\u00eda del desarrollo y el aprendizaje II<\/strong><\/td>\n<td width=\"151\"><strong>64 m\u00f3dulos<\/strong><\/td>\n<\/tr>\n<tr>\n<td rowspan=\"8\" width=\"177\"><strong>\u00a0<\/strong><\/p>\n<p><strong>\u00a0<\/strong><\/p>\n<p><strong>\u00a0<\/strong><\/p>\n<p><strong>CAMPO DE LOS SABERES ESPEC\u00cdFICOS<\/strong><\/td>\n<td width=\"255\"><strong>Did\u00e1ctica de\u00a0 las Pr\u00e1cticas Gimn\u00e1sticas II<\/strong><\/td>\n<td width=\"151\"><strong>64 m\u00f3dulos<\/strong><\/td>\n<\/tr>\n<tr>\n<td width=\"255\"><strong>Did\u00e1ctica de\u00a0 las Pr\u00e1cticas de la Recreaci\u00f3n Participativa<\/strong><\/td>\n<td width=\"151\"><strong>64 m\u00f3dulos<\/strong><\/td>\n<\/tr>\n<tr>\n<td width=\"255\"><strong>Did\u00e1ctica de\u00a0 las Pr\u00e1cticas Deportivas I<\/strong><\/td>\n<td width=\"151\"><strong>128 m\u00f3dulos<\/strong><\/td>\n<\/tr>\n<tr>\n<td width=\"255\"><strong>Did\u00e1ctica de\u00a0 las Pr\u00e1cticas Atl\u00e9ticas<\/strong><\/td>\n<td width=\"151\"><strong>64 m\u00f3dulos<\/strong><\/td>\n<\/tr>\n<tr>\n<td width=\"255\"><strong>Fisiolog\u00eda de la motricidad<\/strong><\/td>\n<td width=\"151\"><strong>64 m\u00f3dulos<\/strong><\/td>\n<\/tr>\n<tr>\n<td width=\"255\"><strong>Did\u00e1ctica de\u00a0 las Pr\u00e1cticas en la Naturaleza y al Aire Libre I<\/strong><\/td>\n<td width=\"151\"><strong>64 m\u00f3dulos<\/strong><\/td>\n<\/tr>\n<tr>\n<td width=\"255\"><strong>Did\u00e1ctica y Curr\u00edculum de la Educaci\u00f3n F\u00edsica del Nivel Inicial y del Nivel Primario<\/strong><\/td>\n<td width=\"151\"><strong>64 m\u00f3dulos<\/strong><\/td>\n<\/tr>\n<tr>\n<td width=\"255\"><strong>T.F.O.<\/strong><\/td>\n<td width=\"151\"><strong>64 m\u00f3dulos<\/strong><\/td>\n<\/tr>\n<tr>\n<td width=\"177\"><strong>CAMPO DE LA FUNDAMENTACI\u00d3N<\/strong><\/td>\n<td width=\"255\"><strong>Teor\u00edas\u00a0 sociopol\u00edticas y educaci\u00f3n<\/strong><\/td>\n<td width=\"151\"><strong>64 m\u00f3dulos<\/strong><\/td>\n<\/tr>\n<tr>\n<td rowspan=\"3\" width=\"177\"><strong>CAMPO DE LA PR\u00c1CTICA DOCENTE<\/strong><\/td>\n<td width=\"255\"><strong>Pr\u00e1ctica en terreno<\/strong><\/td>\n<td width=\"151\"><strong>64 m\u00f3dulos<\/strong><\/td>\n<\/tr>\n<tr>\n<td width=\"255\"><strong>Taller integrador\u00a0 interdisciplinario<\/strong><\/td>\n<td width=\"151\"><strong>32 m\u00f3dulos<\/strong><\/td>\n<\/tr>\n<tr>\n<td width=\"255\"><strong>Herramientas<\/strong><\/td>\n<td width=\"151\"><strong>32 m\u00f3dulos<\/strong><\/td>\n<\/tr>\n<tr>\n<td colspan=\"3\" width=\"584\"><strong>Total de horas anuales 832 m\u00f3dulos<\/strong><\/td>\n<\/tr>\n<\/tbody>\n<\/table>\n<p><strong>\u00a0<\/strong><\/p>\n<table border=\"1\" cellspacing=\"0\" cellpadding=\"0\">\n<tbody>\n<tr>\n<td colspan=\"3\" width=\"584\"><strong>TERCER A\u00d1O<\/strong><\/td>\n<\/tr>\n<tr>\n<td width=\"177\"><strong>CAMPOS<\/strong><\/td>\n<td width=\"255\"><strong>ESTRUCTURA\u00a0 CURRICULAR<\/strong><\/td>\n<td width=\"151\"><strong>CARGA HORARIA ANUAL<\/strong><\/td>\n<\/tr>\n<tr>\n<td width=\"177\"><strong>CAMPO\u00a0 DE LA SUBJETIVIDAD Y LAS CULTURAS<\/strong><\/td>\n<td width=\"255\"><strong>Configuraciones culturales del sujeto educativo<\/strong><\/td>\n<td width=\"151\"><strong>64 m\u00f3dulos<\/strong><\/td>\n<\/tr>\n<tr>\n<td rowspan=\"6\" width=\"177\"><strong>CAMPO DE LOS SABERES ESPEC\u00cdFICOS<\/strong><\/td>\n<td width=\"255\"><strong>Did\u00e1ctica de\u00a0 las Pr\u00e1cticas Gimn\u00e1sticas III<\/strong><\/td>\n<td width=\"151\"><strong>64 m\u00f3dulos<\/strong><\/td>\n<\/tr>\n<tr>\n<td width=\"255\"><strong>Did\u00e1ctica de\u00a0 las Pr\u00e1cticas Deportivas II<\/strong><\/td>\n<td width=\"151\"><strong>128 m\u00f3dulos<\/strong><\/td>\n<\/tr>\n<tr>\n<td width=\"255\"><strong>Did\u00e1ctica de\u00a0 las Pr\u00e1cticas en la Naturaleza y al Aire Libre II<\/strong><\/td>\n<td width=\"151\"><strong>64 m\u00f3dulos<\/strong><\/td>\n<\/tr>\n<tr>\n<td width=\"255\"><strong>An\u00e1lisis e la Acciones Motrices<\/strong><\/td>\n<td width=\"151\"><strong>64 m\u00f3dulos<\/strong><\/td>\n<\/tr>\n<tr>\n<td width=\"255\"><strong>Did\u00e1ctica de la Educaci\u00f3n F\u00edsica del Nivel Secundario y de otros \u00e1mbitos educativos<\/strong><\/td>\n<td width=\"151\"><strong>64 m\u00f3dulos<\/strong><\/td>\n<\/tr>\n<tr>\n<td width=\"255\"><strong>T.F.O.<\/strong><\/td>\n<td width=\"151\"><strong>64 m\u00f3dulos<\/strong><\/td>\n<\/tr>\n<tr>\n<td width=\"177\"><strong>CAMPO DE LA FUNDAMENTACI\u00d3N<\/strong><\/td>\n<td width=\"255\"><strong>Historia, Pol\u00edtica y Legislaci\u00f3n Educativa<\/strong><\/td>\n<td width=\"151\"><strong>64 m\u00f3dulos<\/strong><\/td>\n<\/tr>\n<tr>\n<td rowspan=\"3\" width=\"177\"><strong>CAMPO DE LA PR\u00c1CTICA DOCENTE<\/strong><\/td>\n<td width=\"255\"><strong>Pr\u00e1ctica en terreno<\/strong><\/td>\n<td width=\"151\"><strong>96 m\u00f3dulos<\/strong><\/td>\n<\/tr>\n<tr>\n<td width=\"255\"><strong>Taller integrador\u00a0 interdisciplinario<\/strong><\/td>\n<td width=\"151\"><strong>32 m\u00f3dulos<\/strong><\/td>\n<\/tr>\n<tr>\n<td width=\"255\"><strong>Herramientas<\/strong><\/td>\n<td width=\"151\"><strong>32 m\u00f3dulos<\/strong><\/td>\n<\/tr>\n<tr>\n<td colspan=\"3\" width=\"584\"><strong>Total de horas anuales 800 m\u00f3dulos<\/strong><\/td>\n<\/tr>\n<\/tbody>\n<\/table>\n<p><strong>\u00a0<\/strong><\/p>\n<table border=\"1\" cellspacing=\"0\" cellpadding=\"0\">\n<tbody>\n<tr>\n<td colspan=\"3\" width=\"584\"><strong>CUARTO A\u00d1O<\/strong><\/td>\n<\/tr>\n<tr>\n<td width=\"177\"><strong>CAMPOS<\/strong><\/td>\n<td width=\"255\"><strong>ESTRUCTURA\u00a0 CURRICULAR<\/strong><\/td>\n<td width=\"151\"><strong>CARGA HORARIA ANUAL<\/strong><\/td>\n<\/tr>\n<tr>\n<td width=\"177\"><strong>CAMPO\u00a0 DE LA SUBJETIVIDAD Y LAS CULTURAS<\/strong><\/td>\n<td width=\"255\"><strong>Pedagog\u00eda critica de la diferencia<\/strong><\/td>\n<td width=\"151\"><strong>32 m\u00f3dulos<\/strong><\/td>\n<\/tr>\n<tr>\n<td rowspan=\"5\" width=\"177\"><strong>CAMPO DE LOS SABERES ESPEC\u00cdFICOS<\/strong><\/td>\n<td width=\"255\"><strong>Did\u00e1ctica de\u00a0 las Pr\u00e1cticas Gimn\u00e1sticas Especiales<\/strong><\/td>\n<td width=\"151\"><strong>64 m\u00f3dulos<\/strong><\/td>\n<\/tr>\n<tr>\n<td width=\"255\"><strong>Did\u00e1ctica de\u00a0 las Pr\u00e1cticas Deportivas III<\/strong><\/td>\n<td width=\"151\"><strong>128 m\u00f3dulos<\/strong><\/td>\n<\/tr>\n<tr>\n<td width=\"255\"><strong>Antropolog\u00eda y Sociolog\u00eda del Cuerpo<\/strong><\/td>\n<td width=\"151\"><strong>64 m\u00f3dulos<\/strong><\/td>\n<\/tr>\n<tr>\n<td width=\"255\"><strong>Did\u00e1ctica del Entrenamiento<\/strong><\/td>\n<td width=\"151\"><strong>64 m\u00f3dulos<\/strong><\/td>\n<\/tr>\n<tr>\n<td width=\"255\"><strong>T.F.O.<\/strong><\/td>\n<td width=\"151\"><strong>192 m\u00f3dulos<\/strong><\/td>\n<\/tr>\n<tr>\n<td rowspan=\"2\" width=\"177\"><strong>CAMPO DE LA FUNDAMENTACI\u00d3N<\/strong><\/td>\n<td width=\"255\"><strong>Reflexi\u00f3n filos\u00f3fica de la educaci\u00f3n<\/strong><\/td>\n<td width=\"151\"><strong>32 m\u00f3dulos<\/strong><\/td>\n<\/tr>\n<tr>\n<td width=\"255\"><strong>Dimensi\u00f3n \u00e9tico-pol\u00edtica de la praxis docente<\/strong><\/td>\n<td width=\"151\"><strong>32 m\u00f3dulos<\/strong><\/td>\n<\/tr>\n<tr>\n<td rowspan=\"2\" width=\"177\"><strong>CAMPO DE LA PR\u00c1CTICA DOCENTE<\/strong><\/td>\n<td width=\"255\"><strong>Pr\u00e1ctica en terreno<\/strong><\/td>\n<td width=\"151\"><strong>128 m\u00f3dulos<\/strong><\/td>\n<\/tr>\n<tr>\n<td width=\"255\"><strong>Taller integrador\u00a0 interdisciplinario<\/strong><\/td>\n<td width=\"151\"><strong>32 m\u00f3dulos<\/strong><\/td>\n<\/tr>\n<tr>\n<td colspan=\"3\" width=\"584\"><strong>Total de horas anuales 768 m\u00f3dulos<\/strong><\/td>\n<\/tr>\n<\/tbody>\n<\/table>\n<p><strong>\u00a0<\/strong><\/p>\n<p><strong>\u00a0TOTAL DE HORAS DISE\u00d1O\u00a0 3232 HORAS\u00a0<\/strong><\/p>\n","protected":false},"excerpt":{"rendered":"<p>DESCARGAR EL PLAN DE ESTUDIOS DE LA CARRERA Nombre de la Carrera:\u00a0Profesorado de Educaci\u00f3n F\u00edsica T\u00edtulo que otorga:\u00a0Profesor de Educaci\u00f3n F\u00edsica Duraci\u00f3n:\u00a04 a\u00f1os Resoluci\u00f3n N\u00ba 2432\/09 \u00a0 PRIMER A\u00d1O CAMPOS ESTRUCTURA\u00a0 CURRICULAR CARGA HORARIA ANUAL CAMPO\u00a0 DE ACTUALIZACI\u00d3N FORMATIVA Taller de lectura, escritura y oralidad. 64 m\u00f3dulos Taller de educaci\u00f3n corporal y motriz 64 m\u00f3dulos &#8230; <a title=\"Profesorado de Educaci\u00f3n F\u00edsica\" class=\"read-more\" href=\"https:\/\/isfdyt70-bue.infd.edu.ar\/sitio\/profesorado-de-educacion-fisica-2\/\" aria-label=\"More on Profesorado de Educaci\u00f3n F\u00edsica\">[+]<\/a><\/p>\n","protected":false},"author":444,"featured_media":0,"parent":0,"menu_order":0,"comment_status":"closed","ping_status":"closed","template":"","meta":[],"acf":[],"_links":{"self":[{"href":"https:\/\/isfdyt70-bue.infd.edu.ar\/sitio\/wp-json\/wp\/v2\/pages\/915"}],"collection":[{"href":"https:\/\/isfdyt70-bue.infd.edu.ar\/sitio\/wp-json\/wp\/v2\/pages"}],"about":[{"href":"https:\/\/isfdyt70-bue.infd.edu.ar\/sitio\/wp-json\/wp\/v2\/types\/page"}],"author":[{"embeddable":true,"href":"https:\/\/isfdyt70-bue.infd.edu.ar\/sitio\/wp-json\/wp\/v2\/users\/444"}],"replies":[{"embeddable":true,"href":"https:\/\/isfdyt70-bue.infd.edu.ar\/sitio\/wp-json\/wp\/v2\/comments?post=915"}],"version-history":[{"count":3,"href":"https:\/\/isfdyt70-bue.infd.edu.ar\/sitio\/wp-json\/wp\/v2\/pages\/915\/revisions"}],"predecessor-version":[{"id":2223,"href":"https:\/\/isfdyt70-bue.infd.edu.ar\/sitio\/wp-json\/wp\/v2\/pages\/915\/revisions\/2223"}],"wp:attachment":[{"href":"https:\/\/isfdyt70-bue.infd.edu.ar\/sitio\/wp-json\/wp\/v2\/media?parent=915"}],"curies":[{"name":"wp","href":"https:\/\/api.w.org\/{rel}","templated":true}]}}