{"id":889,"date":"2018-06-29T17:39:58","date_gmt":"2018-06-29T20:39:58","guid":{"rendered":"https:\/\/isfdyt70-bue.infd.edu.ar\/sitio\/tecnicatura-superior-en-enfermeria\/"},"modified":"2022-10-20T19:53:35","modified_gmt":"2022-10-20T22:53:35","slug":"tecnicatura-superior-en-enfermeria","status":"publish","type":"page","link":"https:\/\/isfdyt70-bue.infd.edu.ar\/sitio\/tecnicatura-superior-en-enfermeria\/","title":{"rendered":"Tecnicatura Superior en Enfermer\u00eda"},"content":{"rendered":"<p><strong>Nombre de la Carrera: Tecnicatura Superior en Enfermer\u00eda<\/strong><\/p>\n<p><strong>T\u00edtulo que otorga: Enfermero\u00a0<\/strong><\/p>\n<p><strong>Duraci\u00f3n: 3 a\u00f1os<\/strong><\/p>\n<p><strong>Resoluci\u00f3n N\u00ba 6790\/19<\/strong><\/p>\n<p><a href=\"https:\/\/isfdyt70-bue.infd.edu.ar\/sitio\/wp-content\/uploads\/2019\/11\/Tecnicatura-Enfermeria-curricula-16FINAL.pdf\">Dise\u00f1o Curricular<\/a><\/p>\n<p>PRIMER A\u00d1O<\/p>\n<table>\n<tbody>\n<tr>\n<td colspan=\"2\" width=\"135\"><strong><em>Espacio de Formaci\u00f3n General<\/em><\/strong><\/td>\n<td colspan=\"3\" width=\"207\"><strong><em>Espacio de Formaci\u00f3n de Fundamento<\/em><\/strong><\/td>\n<td colspan=\"2\" width=\"201\"><strong>\u00a0<\/strong><\/p>\n<p><strong><em>Campo de Formaci\u00f3n Espec\u00edfica<\/em><\/strong><\/td>\n<td width=\"150\"><strong><em>Campo de Formaci\u00f3n de la Pr\u00e1ctica Profesionalizante<\/em><\/strong><\/td>\n<\/tr>\n<tr>\n<td colspan=\"2\" width=\"135\">64 hs.<\/td>\n<td colspan=\"3\" width=\"207\">256 hs.<\/td>\n<td colspan=\"2\" width=\"201\">160 hs.<\/td>\n<td width=\"150\">256 hs.<\/td>\n<\/tr>\n<tr>\n<td width=\"58\"><strong>\u00a0<\/strong><\/p>\n<p><strong>\u00a0<\/strong><\/p>\n<p>Psicolog\u00eda<\/td>\n<td width=\"77\"><strong>\u00a0<\/strong><\/p>\n<p>Teor\u00edas socio culturales de la salud<\/td>\n<td width=\"97\"><strong>\u00a0<\/strong><\/p>\n<p>Condiciones y Medio Ambiente del Trabajo<\/td>\n<td width=\"50\"><strong>\u00a0<\/strong><\/p>\n<p>Salud P\u00fablica I<\/td>\n<td width=\"60\"><strong>\u00a0<\/strong><\/p>\n<p>Biolog\u00eda Humana<\/td>\n<td width=\"90\"><strong>\u00a0<\/strong><\/p>\n<p>Fundamentos del Cuidado<\/td>\n<td width=\"111\">Cuidados de la Salud Centrados en la Comunidad y la Familia<\/td>\n<td width=\"150\"><strong>\u00a0<\/strong><\/p>\n<p><strong>\u00a0<\/strong><\/p>\n<p>Pr\u00e1ctica Profesionalizante I<\/td>\n<\/tr>\n<tr>\n<td width=\"58\">32 hs.<\/td>\n<td width=\"77\">32 hs.<\/td>\n<td width=\"97\">64 hs.<\/td>\n<td width=\"50\">64 hs.<\/td>\n<td width=\"60\">128 hs.<\/td>\n<td width=\"90\">64 hs.<\/td>\n<td width=\"111\">96 hs.<\/td>\n<td width=\"150\">256 hs.<\/td>\n<\/tr>\n<tr>\n<td colspan=\"8\" width=\"693\"><strong>Total de Horas 736 Hs.<\/strong><\/td>\n<\/tr>\n<\/tbody>\n<\/table>\n<p>SEGUNDO A\u00d1O<\/p>\n<table>\n<tbody>\n<tr>\n<td colspan=\"3\" width=\"208\"><strong>\u00a0<\/strong><\/p>\n<p><strong><em>Espacio de Formaci\u00f3n General<\/em><\/strong><\/td>\n<td colspan=\"2\" width=\"138\"><strong>\u00a0<\/strong><\/p>\n<p><strong><em>Espacio de Formaci\u00f3n de Fundamento<\/em><\/strong><\/td>\n<td colspan=\"3\" width=\"229\"><strong>\u00a0<\/strong><\/p>\n<p><strong><em>Campo de Formaci\u00f3n Espec\u00edfica<\/em><\/strong><\/td>\n<td width=\"118\"><strong><em>Campo de Formaci\u00f3n de la Pr\u00e1ctica<\/em><\/strong><\/p>\n<p><strong><em>Profesionalizante<\/em><\/strong><\/td>\n<\/tr>\n<tr>\n<td colspan=\"3\" width=\"208\">128 hs.<\/td>\n<td colspan=\"2\" width=\"138\">128 hs.<\/td>\n<td colspan=\"3\" width=\"229\">224 hs.<\/td>\n<td width=\"118\">256 hs.<\/td>\n<\/tr>\n<tr>\n<td width=\"88\"><strong>\u00a0<\/strong><\/p>\n<p>Comunicaci\u00f3n en Ciencias de la Salud<\/td>\n<td width=\"44\"><strong>\u00a0<\/strong><\/p>\n<p><strong>\u00a0<\/strong><\/p>\n<p>Ingl\u00e9s<\/td>\n<td width=\"76\">Introducci\u00f3n a la Metodolog\u00eda de Investigaci\u00f3n<\/p>\n<p>en Salud<\/td>\n<td width=\"92\"><strong>\u00a0<\/strong><\/p>\n<p>Nutrici\u00f3n y Dietoterapia<\/td>\n<td width=\"46\"><strong>\u00a0<\/strong><\/p>\n<p>Salud P\u00fablica II<\/td>\n<td width=\"81\"><strong>\u00a0<\/strong><\/p>\n<p>Farmacolog\u00eda en Enfermer\u00eda<\/td>\n<td width=\"84\"><strong>\u00a0<\/strong><\/p>\n<p>Enfermer\u00eda Materno Infantil<\/td>\n<td width=\"64\">Enfermer\u00eda del Adulto y del Adulto<\/p>\n<p>Mayor I<\/td>\n<td width=\"118\"><strong>\u00a0<\/strong><\/p>\n<p>Pr\u00e1ctica Profesionalizante II<\/td>\n<\/tr>\n<tr>\n<td width=\"88\">32 hs.<\/td>\n<td width=\"44\">32 hs.<\/td>\n<td width=\"76\">64 hs.<\/td>\n<td width=\"92\">32 hs.<\/td>\n<td width=\"46\">96 hs.<\/td>\n<td width=\"81\">64 hs.<\/td>\n<td width=\"84\">64 hs.<\/td>\n<td width=\"64\">96 hs.<\/td>\n<td width=\"118\">256 hs.<\/td>\n<\/tr>\n<tr>\n<td colspan=\"9\" width=\"693\"><strong>Total de Horas 736 Hs.<\/strong><\/td>\n<\/tr>\n<\/tbody>\n<\/table>\n<p><strong>\u00a0<\/strong>TERCER A\u00d1O<\/p>\n<table>\n<tbody>\n<tr>\n<td colspan=\"2\" width=\"186\"><strong><em>Espacio de Formaci\u00f3n de Fundamento<\/em><\/strong><\/td>\n<td colspan=\"4\" width=\"368\"><strong>\u00a0<\/strong><\/p>\n<p><strong><em>Campo de Formaci\u00f3n Espec\u00edfica<\/em><\/strong><\/td>\n<td width=\"139\"><strong><em>Campo de Formaci\u00f3n de la Pr\u00e1ctica Profesionalizante<\/em><\/strong><\/td>\n<\/tr>\n<tr>\n<td colspan=\"2\" width=\"186\">96 hs.<\/td>\n<td colspan=\"4\" width=\"368\">224 hs.<\/td>\n<td width=\"139\">356 hs.<\/td>\n<\/tr>\n<tr>\n<td width=\"105\">Organizaci\u00f3n y Gesti\u00f3n de Servicios de Enfermer\u00eda<\/td>\n<td width=\"81\">Aspectos Bio\u00e9ticos y Legales de la Profesi\u00f3n<\/td>\n<td width=\"79\"><strong>\u00a0<\/strong><\/p>\n<p>Enfermer\u00eda en Salud Mental<\/td>\n<td width=\"89\"><strong>\u00a0<\/strong><\/p>\n<p>Enfermer\u00eda del Adulto y del Adulto Mayor II<\/td>\n<td width=\"104\">Enfermer\u00eda Comunitaria y Pr\u00e1ctica Educativa en Salud<\/td>\n<td width=\"97\"><strong>\u00a0<\/strong><\/p>\n<p>Enfermer\u00eda en Emergencias y Cat\u00e1strofes<\/td>\n<td width=\"139\"><strong>\u00a0<\/strong><\/p>\n<p><strong>\u00a0<\/strong><\/p>\n<p>Pr\u00e1ctica Profesionalizante III<\/td>\n<\/tr>\n<tr>\n<td width=\"105\">64 hs.<\/td>\n<td width=\"81\">32 hs.<\/td>\n<td width=\"79\">64 hs.<\/td>\n<td width=\"89\">64 hs.<\/td>\n<td width=\"104\">64 hs.<\/td>\n<td width=\"97\">32 hs.<\/td>\n<td width=\"139\">356 hs.<\/td>\n<\/tr>\n<tr>\n<td colspan=\"7\" width=\"693\"><strong>Total de Horas 676 Hs.<\/strong><\/td>\n<\/tr>\n<\/tbody>\n<\/table>\n<p>Total de horas de la carrera 2148 Hs.<\/p>\n","protected":false},"excerpt":{"rendered":"<p>Nombre de la Carrera: Tecnicatura Superior en Enfermer\u00eda T\u00edtulo que otorga: Enfermero\u00a0 Duraci\u00f3n: 3 a\u00f1os Resoluci\u00f3n N\u00ba 6790\/19 Dise\u00f1o Curricular PRIMER A\u00d1O Espacio de Formaci\u00f3n General Espacio de Formaci\u00f3n de Fundamento \u00a0 Campo de Formaci\u00f3n Espec\u00edfica Campo de Formaci\u00f3n de la Pr\u00e1ctica Profesionalizante 64 hs. 256 hs. 160 hs. 256 hs. \u00a0 \u00a0 Psicolog\u00eda \u00a0 &#8230; <a title=\"Tecnicatura Superior en Enfermer\u00eda\" class=\"read-more\" href=\"https:\/\/isfdyt70-bue.infd.edu.ar\/sitio\/tecnicatura-superior-en-enfermeria\/\" aria-label=\"More on Tecnicatura Superior en Enfermer\u00eda\">[+]<\/a><\/p>\n","protected":false},"author":444,"featured_media":0,"parent":0,"menu_order":0,"comment_status":"closed","ping_status":"closed","template":"","meta":[],"acf":[],"_links":{"self":[{"href":"https:\/\/isfdyt70-bue.infd.edu.ar\/sitio\/wp-json\/wp\/v2\/pages\/889"}],"collection":[{"href":"https:\/\/isfdyt70-bue.infd.edu.ar\/sitio\/wp-json\/wp\/v2\/pages"}],"about":[{"href":"https:\/\/isfdyt70-bue.infd.edu.ar\/sitio\/wp-json\/wp\/v2\/types\/page"}],"author":[{"embeddable":true,"href":"https:\/\/isfdyt70-bue.infd.edu.ar\/sitio\/wp-json\/wp\/v2\/users\/444"}],"replies":[{"embeddable":true,"href":"https:\/\/isfdyt70-bue.infd.edu.ar\/sitio\/wp-json\/wp\/v2\/comments?post=889"}],"version-history":[{"count":9,"href":"https:\/\/isfdyt70-bue.infd.edu.ar\/sitio\/wp-json\/wp\/v2\/pages\/889\/revisions"}],"predecessor-version":[{"id":2308,"href":"https:\/\/isfdyt70-bue.infd.edu.ar\/sitio\/wp-json\/wp\/v2\/pages\/889\/revisions\/2308"}],"wp:attachment":[{"href":"https:\/\/isfdyt70-bue.infd.edu.ar\/sitio\/wp-json\/wp\/v2\/media?parent=889"}],"curies":[{"name":"wp","href":"https:\/\/api.w.org\/{rel}","templated":true}]}}