{"id":886,"date":"2018-06-29T17:39:57","date_gmt":"2018-06-29T20:39:57","guid":{"rendered":"https:\/\/isfdyt70-bue.infd.edu.ar\/sitio\/datos-institucionales\/"},"modified":"2026-02-04T17:21:51","modified_gmt":"2026-02-04T20:21:51","slug":"datos-institucionales","status":"publish","type":"page","link":"https:\/\/isfdyt70-bue.infd.edu.ar\/sitio\/datos-institucionales\/","title":{"rendered":"Informaci\u00f3n Institucional Autoridades y Personal"},"content":{"rendered":"\n<h5 class=\"wp-block-heading has-text-align-left\"><span style=\"font-size: 12pt;\">Direcci\u00f3n: Calle Larrea 276, Rauch Bs. As.&nbsp;<\/span>CP 7203<\/h5>\n\n\n\n<p class=\"has-text-align-left\">Whatsapp mensajes: +54 9 249 451-9928<\/p>\n\n\n\n<p class=\"has-text-align-left\"><span style=\"font-size: 12pt;\"><strong><a href=\"mailto:insti70rauch@yahoo.com.ar\">insti70rauch@yahoo.com.ar<\/a><\/strong><\/span><\/p>\n\n\n\n<p class=\"has-text-align-left\">Facebook: <span style=\"font-size: 12pt;\"><strong><a rel=\"noopener\" href=\"https:\/\/www.facebook.com\/institutosuperiorsetenta.rauch\" target=\"_blank\">Instituto Superior Setenta Rauch<\/a><\/strong><\/span><\/p>\n\n\n\n<p class=\"has-text-align-left\">Instagram:  <span style=\"font-size: 12pt;\"><strong><a href=\"http:\/\/instituto70rauch\" data-type=\"URL\" data-id=\"instituto70rauch\">@<span class=\"u-linkComplex-target\">nstituto70rauch<\/span><\/a><\/strong><\/span><\/p>\n\n\n\n<p class=\"has-text-align-left\">Sistema de administraci\u00f3n y auto gesti\u00f3n online de alumnos y profesores: <\/p>\n\n\n\n<p class=\"has-text-align-left\"><a href=\"https:\/\/insti70.sambaweb.com.ar\/\">Samba<\/a> <\/p>\n\n\n\n<p class=\"has-text-align-left\"><span style=\"font-size: 12pt;\"><strong>Horario de atenci\u00f3n: de  8.00 a 12;30 y de 13.00 a 22.00 hs.<\/strong><\/span><\/p>\n\n\n\n<p><\/p>\n\n\n\n<p><strong>Autoridades<\/strong>: <\/p>\n\n\n\n<p><strong>Directora:<\/strong> Prof. Elba Irungaray<\/p>\n\n\n\n<p><strong>Secretaria:<\/strong> Prof. Luciana Guzm\u00e1n<\/p>\n\n\n\n<p><strong>Jefa de \u00c1rea:<\/strong> <\/p>\n\n\n\n<p>Prof. Rosa Saparrat<\/p>\n\n\n\n<p><strong>Bibliotecarias:<\/strong>  <\/p>\n\n\n\n<p>Prof. Karina Lecchi<\/p>\n\n\n\n<p>Prof. Graciela Fagalde<\/p>\n\n\n\n<p><strong>Preceptoras:<\/strong><\/p>\n\n\n\n<p>Prof.. Ana Mar\u00eda Poirier Lalanne<\/p>\n\n\n\n<p>Prof. Juliana Barrag\u00e1n.<\/p>\n\n\n\n<p>Prof. Fernanda Serrato<\/p>\n\n\n\n<p><strong>Auxiliares:<\/strong><\/p>\n\n\n\n<p>Marisa C\u00f3rdoba<\/p>\n\n\n\n<p>Mar\u00eda Mari\u00f1o<\/p>\n\n\n\n<p>Norma Suarez<\/p>\n\n\n\n<p>Paula Alcetegaray<\/p>\n\n\n\n<p>Macarena Martinez<\/p>\n\n\n\n<p>Anal\u00eda Tufanisco<\/p>\n\n\n\n<p>\u2014\u2014\u2014\u2014\u2014\u2014\u2014\u2014\u2014\u2014\u2014\u2014\u2014\u2014\u2014\u2014\u2014\u2014\u2014\u2014\u2014\u2014\u2014-<\/p>\n\n\n\n<h1 class=\"wp-block-heading\"><strong>Carreras que se dictan actualmente:<\/strong><\/h1>\n\n\n\n<p><strong>&nbsp;Profesorado de Educaci\u00f3n Primaria<\/strong><\/p>\n\n\n\n<p><strong>Profesorado en Lengua y Literatura<\/strong><\/p>\n\n\n\n<p><strong>Profesorado de Educaci\u00f3n F\u00edsica&nbsp;<\/strong><\/p>\n\n\n\n<p><strong>Enfermer\u00eda<\/strong><\/p>\n\n\n\n<p><strong>Analista en&nbsp;<\/strong><strong>Sistemas<\/strong><\/p>\n","protected":false},"excerpt":{"rendered":"<p>Direcci\u00f3n: Calle Larrea 276, Rauch Bs. As.&nbsp;CP 7203 Whatsapp mensajes: +54 9 249 451-9928 insti70rauch@yahoo.com.ar Facebook: Instituto Superior Setenta Rauch Instagram: @nstituto70rauch Sistema de administraci\u00f3n y auto gesti\u00f3n online de alumnos y profesores: Samba Horario de atenci\u00f3n: de 8.00 a 12;30 y de 13.00 a 22.00 hs. Autoridades: Directora: Prof. Elba Irungaray Secretaria: Prof. Luciana &#8230; <a title=\"Informaci\u00f3n Institucional Autoridades y Personal\" class=\"read-more\" href=\"https:\/\/isfdyt70-bue.infd.edu.ar\/sitio\/datos-institucionales\/\" aria-label=\"More on Informaci\u00f3n Institucional Autoridades y Personal\">[+]<\/a><\/p>\n","protected":false},"author":444,"featured_media":0,"parent":0,"menu_order":0,"comment_status":"closed","ping_status":"closed","template":"","meta":[],"acf":[],"_links":{"self":[{"href":"https:\/\/isfdyt70-bue.infd.edu.ar\/sitio\/wp-json\/wp\/v2\/pages\/886"}],"collection":[{"href":"https:\/\/isfdyt70-bue.infd.edu.ar\/sitio\/wp-json\/wp\/v2\/pages"}],"about":[{"href":"https:\/\/isfdyt70-bue.infd.edu.ar\/sitio\/wp-json\/wp\/v2\/types\/page"}],"author":[{"embeddable":true,"href":"https:\/\/isfdyt70-bue.infd.edu.ar\/sitio\/wp-json\/wp\/v2\/users\/444"}],"replies":[{"embeddable":true,"href":"https:\/\/isfdyt70-bue.infd.edu.ar\/sitio\/wp-json\/wp\/v2\/comments?post=886"}],"version-history":[{"count":24,"href":"https:\/\/isfdyt70-bue.infd.edu.ar\/sitio\/wp-json\/wp\/v2\/pages\/886\/revisions"}],"predecessor-version":[{"id":3181,"href":"https:\/\/isfdyt70-bue.infd.edu.ar\/sitio\/wp-json\/wp\/v2\/pages\/886\/revisions\/3181"}],"wp:attachment":[{"href":"https:\/\/isfdyt70-bue.infd.edu.ar\/sitio\/wp-json\/wp\/v2\/media?parent=886"}],"curies":[{"name":"wp","href":"https:\/\/api.w.org\/{rel}","templated":true}]}}