{"id":882,"date":"2018-06-29T17:39:55","date_gmt":"2018-06-29T20:39:55","guid":{"rendered":"https:\/\/isfdyt70-bue.infd.edu.ar\/sitio\/historia\/"},"modified":"2025-12-02T12:36:55","modified_gmt":"2025-12-02T15:36:55","slug":"historia","status":"publish","type":"page","link":"https:\/\/isfdyt70-bue.infd.edu.ar\/sitio\/historia\/","title":{"rendered":"Historia"},"content":{"rendered":"<p>En Rauch, en el a\u00f1o 1985 se crea el Instituto de Formaci\u00f3n Docente con la Carrera de Magisterio Nacional Superior en el marco de una pol\u00edtica educativa provincial que propicia la apertura de instituciones educativas. La carrera de ese plan se denominaba Magisterio Normal Superior y la matr\u00edcula Inicial era de 86 estudiantes.<\/p>\n<p>En el a\u00f1o 1986 se suma el Profesorado Especializado en Educaci\u00f3n Preescolar.<\/p>\n<p>El I.S.F.D. y T. N\u00b0 70 es primero anexo del I.S.F.D. y T. N\u00b02 de Azul y pasa luego a depender del I.S.F.D. N\u00b0 10 de Tandil hasta que alcanza plena autonom\u00eda en 1987 a\u00f1o en que se produce la apertura de la primer carrera de post-grado: Profesorado de Educaci\u00f3n Preescolar respondiendo a la demanda comunitaria que necesita la formaci\u00f3n de recursos humanos para el nivel inicial, paralelamente ese a\u00f1o cambia el plan de estudios y pasa a ser el Tronco Com\u00fan como primer a\u00f1o abierto a Magisterio Especializado en Educaci\u00f3n Primaria y Magisterio Especializado en Educaci\u00f3n Inicial.<\/p>\n<p>En 1988 comenz\u00f3 a dictarse la Capacitaci\u00f3n para la funci\u00f3n Supervisora Docente en la modalidad no residente los d\u00edas s\u00e1bados en tres niveles.<\/p>\n<p>Durante los a\u00f1os 1990 y 1991 hay un elevado ascenso de la matricula. En el a\u00f1o 1991 se registra una matricula Inicial de 141 estudiantes y una matr\u00edcula anual de 268 estudiantes.<\/p>\n<p>En el a\u00f1o 1990 se abri\u00f3 la carrera de ciclo cerrado, Asistente Educacional de tres a\u00f1os de duraci\u00f3n.<\/p>\n<p>En el a\u00f1o 1991 se agrega otra carrera en modalidad no residente: Capacitaci\u00f3n Docente NIvel I y II, esta propuesta se dicta durante los d\u00edas s\u00e1bados.<\/p>\n<p>En el a\u00f1o 1992 se produce la apertura de la primer carrera t\u00e9cnica: T\u00e9cnico Superior en Administraci\u00f3n Agraria con una duraci\u00f3n de 3 a\u00f1os y la consiguiente diversificaci\u00f3n de la oferta educativa.<\/p>\n<p>Durante los a\u00f1os 1993, 1994, 1995 la matricula contin\u00faa con un ascenso sostenido y una nueva oferta de carrera t\u00e9cnica: Analista en Sistemas de Informaci\u00f3n que abre en el a\u00f1o 1993.<\/p>\n<p>El Instituto diversifica su oferta, abre carreras docentes de postgrado en respuesta a la necesidad de capacitaci\u00f3n de la poblaci\u00f3n de la zona a ra\u00edz de la ampliaci\u00f3n de sus servicios educativos.<\/p>\n<p>En el a\u00f1o 1993 se abren dos carreras: T\u00e9cnico Superior en Programaci\u00f3n y Profesorado Especializado en Educaci\u00f3n en Jard\u00edn Maternal.<\/p>\n<p>Hasta este a\u00f1o se implementario en total 8 carreras:\u00a0 2 MEEP Y 2 MEEI, dos carreras con modalidad no residente: CFSD y Capacitaci\u00f3n Docente. 4 carreras de ciclo cerrado: TSAA, TSP, PEJMI<\/p>\n<p>En el a\u00f1o 1997 se abre la carrera Analista en Calidad de Alimentos en cogesti\u00f3n con la Municipalidad de Rauch a trav\u00e9s de la Subdirecci\u00f3n de Promoci\u00f3n y desarrollo, el Ministerio de Asuntos Agrarios. Laboratorio Regional de Diagn\u00f3stico Veterinario, empresas y microemprendimientos alimenticios y con el asesoramiento del Instituto Superior Experimental de Tecnolog\u00eda de Alimentos de la ciudad de 9 de Julio.<\/p>\n<p style=\"text-align: justify;\"><span style=\"font-family: 'trebuchet ms', geneva; font-size: 14pt; color: #008000;\">EQUIPO DE TRABAJO DEL ISFDyT 70 MANUEL BELGRANO<\/span><\/p>\n<p>DIRECCI\u00d3N, REGENCIA, SECRETAR\u00cdA<\/p>\n<p>A partir de septiembre de 1988 la Profesora Stella Maris Garralda se incorpora como secretaria suplente hasta diciembre de ese a\u00f1o. Es el 17 de abril de 1989 y asume como secretaria provisional del Instituto hasta el 25 de mayo de 1990 en que accede al cargo de Regente provisional.<\/p>\n<p>La profesora Stella Garralda pasa a ser directora titular en el a\u00f1o 1993 (18 de febrero de 1993) hasta el mes de marzo del a\u00f1o 2011 cuando se retira por su jubilaci\u00f3n. Durante esta gesti\u00f3n se evidencia la apertura de nuevas carreras carreras, ciclos de capacitaci\u00f3n docente y aumento de matricula a\u00f1o a a\u00f1o.<\/p>\n<p>En el a\u00f1o 2008 la Profesora Mar\u00eda de los \u00c1ngeles Peralta, asume como secretaria de la Instituci\u00f3n y en el a\u00f1o 2011 asume el cargo de directora que ocupa hasta su jubilaci\u00f3n en el a\u00f1o 2015.<\/p>\n<p>BIBLIOTECA<\/p>\n<p>En el a\u00f1o 1989 accede como bibliotecaria suplente de la Instituci\u00f3n la Profersora y Bibliotecaria Mar\u00eda de los \u00c1ngeles Peralta, en ese mismo a\u00f1o, su cargo pasa a ser provisional y titulariza en el 2005. En el a\u00f1o 2006 dada la necesidad de contar con otro cargo en turno tarde, se abre el segundo cargo de bibliotecario al cual accede.<\/p>\n<p>PRECEPTOR\u00cdA<\/p>\n<p>En el a\u00f1o 1985 accede a la preceptor\u00eda como suplente la Profesora Mar\u00eda Beatriz Palazzo y el 17 de agosto de 1988 contin\u00faa en el cargo como\u00a0 Preceptora titular (cargo que titulariz\u00f3 en 1993) hasta su jubilaci\u00f3n en el a\u00f1o 2015.<\/p>\n<p style=\"text-align: justify;\"><span style=\"font-family: 'trebuchet ms', geneva; font-size: 14pt; color: #008000;\">\u00a0<\/span><\/p>\n","protected":false},"excerpt":{"rendered":"<p>En Rauch, en el a\u00f1o 1985 se crea el Instituto de Formaci\u00f3n Docente con la Carrera de Magisterio Nacional Superior en el marco de una pol\u00edtica educativa provincial que propicia la apertura de instituciones educativas. La carrera de ese plan se denominaba Magisterio Normal Superior y la matr\u00edcula Inicial era de 86 estudiantes. En el &#8230; <a title=\"Historia\" class=\"read-more\" href=\"https:\/\/isfdyt70-bue.infd.edu.ar\/sitio\/historia\/\" aria-label=\"More on Historia\">[+]<\/a><\/p>\n","protected":false},"author":444,"featured_media":0,"parent":0,"menu_order":0,"comment_status":"closed","ping_status":"closed","template":"","meta":[],"acf":[],"_links":{"self":[{"href":"https:\/\/isfdyt70-bue.infd.edu.ar\/sitio\/wp-json\/wp\/v2\/pages\/882"}],"collection":[{"href":"https:\/\/isfdyt70-bue.infd.edu.ar\/sitio\/wp-json\/wp\/v2\/pages"}],"about":[{"href":"https:\/\/isfdyt70-bue.infd.edu.ar\/sitio\/wp-json\/wp\/v2\/types\/page"}],"author":[{"embeddable":true,"href":"https:\/\/isfdyt70-bue.infd.edu.ar\/sitio\/wp-json\/wp\/v2\/users\/444"}],"replies":[{"embeddable":true,"href":"https:\/\/isfdyt70-bue.infd.edu.ar\/sitio\/wp-json\/wp\/v2\/comments?post=882"}],"version-history":[{"count":9,"href":"https:\/\/isfdyt70-bue.infd.edu.ar\/sitio\/wp-json\/wp\/v2\/pages\/882\/revisions"}],"predecessor-version":[{"id":3051,"href":"https:\/\/isfdyt70-bue.infd.edu.ar\/sitio\/wp-json\/wp\/v2\/pages\/882\/revisions\/3051"}],"wp:attachment":[{"href":"https:\/\/isfdyt70-bue.infd.edu.ar\/sitio\/wp-json\/wp\/v2\/media?parent=882"}],"curies":[{"name":"wp","href":"https:\/\/api.w.org\/{rel}","templated":true}]}}