{"id":870,"date":"2018-06-29T17:39:51","date_gmt":"2018-06-29T20:39:51","guid":{"rendered":"https:\/\/isfdyt70-bue.infd.edu.ar\/sitio\/mesas-de-examenes\/"},"modified":"2022-08-16T15:02:01","modified_gmt":"2022-08-16T18:02:01","slug":"mesas-de-examenes","status":"publish","type":"page","link":"https:\/\/isfdyt70-bue.infd.edu.ar\/sitio\/mesas-de-examenes\/","title":{"rendered":"Mesas de Ex\u00e1menes &#8211; Inscripci\u00f3n"},"content":{"rendered":"<p><strong><u>INSCRIPCION:<\/u><\/strong>\u00a0\u00a0 <a href=\"https:\/\/insti70.sambaweb.com.ar\/\">insti70.sambaweb.com.ar<\/a> (Ingresar a finales \u2013 inscripci\u00f3n)<\/p>\n<ul>\n<li>Record\u00e1 que las inscripciones se pueden realizar 48hs h\u00e1biles antes de la fecha de la mesa<\/li>\n<li>Si ten\u00e9s consultas pod\u00e9s acercarte a la Preceptor\u00eda o escribir mensaje whatsapp +54 9 2494 51-9928<\/li>\n<\/ul>\n<p><span style=\"font-size: 10pt;\">\u00a0<\/span><\/p>\n","protected":false},"excerpt":{"rendered":"<p>INSCRIPCION:\u00a0\u00a0 insti70.sambaweb.com.ar (Ingresar a finales \u2013 inscripci\u00f3n) Record\u00e1 que las inscripciones se pueden realizar 48hs h\u00e1biles antes de la fecha de la mesa Si ten\u00e9s consultas pod\u00e9s acercarte a la Preceptor\u00eda o escribir mensaje whatsapp +54 9 2494 51-9928 \u00a0<\/p>\n","protected":false},"author":444,"featured_media":0,"parent":0,"menu_order":0,"comment_status":"closed","ping_status":"closed","template":"","meta":[],"acf":[],"_links":{"self":[{"href":"https:\/\/isfdyt70-bue.infd.edu.ar\/sitio\/wp-json\/wp\/v2\/pages\/870"}],"collection":[{"href":"https:\/\/isfdyt70-bue.infd.edu.ar\/sitio\/wp-json\/wp\/v2\/pages"}],"about":[{"href":"https:\/\/isfdyt70-bue.infd.edu.ar\/sitio\/wp-json\/wp\/v2\/types\/page"}],"author":[{"embeddable":true,"href":"https:\/\/isfdyt70-bue.infd.edu.ar\/sitio\/wp-json\/wp\/v2\/users\/444"}],"replies":[{"embeddable":true,"href":"https:\/\/isfdyt70-bue.infd.edu.ar\/sitio\/wp-json\/wp\/v2\/comments?post=870"}],"version-history":[{"count":15,"href":"https:\/\/isfdyt70-bue.infd.edu.ar\/sitio\/wp-json\/wp\/v2\/pages\/870\/revisions"}],"predecessor-version":[{"id":2109,"href":"https:\/\/isfdyt70-bue.infd.edu.ar\/sitio\/wp-json\/wp\/v2\/pages\/870\/revisions\/2109"}],"wp:attachment":[{"href":"https:\/\/isfdyt70-bue.infd.edu.ar\/sitio\/wp-json\/wp\/v2\/media?parent=870"}],"curies":[{"name":"wp","href":"https:\/\/api.w.org\/{rel}","templated":true}]}}