{"id":3016,"date":"2025-11-24T22:26:24","date_gmt":"2025-11-25T01:26:24","guid":{"rendered":"https:\/\/isfdyt70-bue.infd.edu.ar\/sitio\/?page_id=3016"},"modified":"2025-11-25T17:16:56","modified_gmt":"2025-11-25T20:16:56","slug":"tecnicatura-superior-en-administracion-de-pymes-3","status":"publish","type":"page","link":"https:\/\/isfdyt70-bue.infd.edu.ar\/sitio\/tecnicatura-superior-en-administracion-de-pymes-3\/","title":{"rendered":"Tecnicatura Superior en Administraci\u00f3n de PyMES"},"content":{"rendered":"\n<p><strong>T\u00edtulo que otorga: T\u00e9cnico\/a Superior en Administraci\u00f3n de PyMES<\/strong><\/p>\n\n\n\n<p><strong>Educaci\u00f3n Gratuita, T\u00edtulo con Validez Nacional<\/strong><\/p>\n\n\n\n<p><strong>Duraci\u00f3n: 3 a\u00f1os<\/strong><\/p>\n\n\n\n<p><strong>Resoluci\u00f3n N\u00ba 458\/23<\/strong><\/p>\n\n\n\n<p><a href=\"https:\/\/isfdyt70-bue.infd.edu.ar\/sitio\/wp-content\/uploads\/2025\/11\/TS-en-Administracion-de-Pymes.pdf\" data-type=\"URL\" data-id=\"https:\/\/isfdyt70-bue.infd.edu.ar\/sitio\/wp-content\/uploads\/2025\/11\/TS-en-Administracion-de-Pymes.pdf\" target=\"_blank\" rel=\"noreferrer noopener\">Dise\u00f1o Curricular<\/a><\/p>\n\n\n\n<p>La\/El T\u00e9cnica\/o Superior en Administraci\u00f3n de PYMES estar\u00e1 capacitada\/o para desarrollar procesos t\u00e9cnico espec\u00edficos en planeamiento, organizaci\u00f3n, gesti\u00f3n, y control de los sistemas y \u00e1reas comerciales, operacionales de producci\u00f3n, econ\u00f3micofinancieras, de recursos humanos, sistemas de informaci\u00f3n y sistemas de toma de decisiones estrat\u00e9gicas de las empresas, en forma interna y externa, presencial y remota, en interacci\u00f3n con el entorno. Estas capacidades ser\u00e1n desarrolladas seg\u00fan las incumbencias y las normas t\u00e9cnicas y legales que rigen su campo profesional. Estar\u00e1 capacitada\/o, adem\u00e1s, para ejercer habilidades transversales del campo de la comunicaci\u00f3n, la gesti\u00f3n de los conflictos que promuevan una buena convivencia en los equipos de trabajo, la gesti\u00f3n de la informaci\u00f3n y tecnolog\u00eda, el pensamiento cr\u00edtico, la innovaci\u00f3n y el aprendizaje, el compromiso social y ambiental, y la \u00e9tica profesional.<\/p>\n\n\n\n<p>A continuaci\u00f3n, se presentan las funciones del perfil profesional de la\/el T\u00e9cnica\/o<br>Superior en Administraci\u00f3n de PYMES:<\/p>\n\n\n\n<p>&#8211; Organizar, programar, las operaciones comerciales, financieras y administrativas de organizaciones y\/o empresas.<br>&#8211; Ejecutar y controlar las operaciones comerciales, financieras y administrativas de organizaciones y\/o empresas<br>&#8211; Elaborar, controlar y registrar el flujo de informaci\u00f3n.<br>&#8211; Planificar los recursos requeridos para desarrollar las actividades de organizaciones y\/o empresas<br>&#8211; Gestionar las decisiones relacionadas con sus actividades.<\/p>\n\n\n\n<p>Trayectorias formativas acreditadas por la Titulaci\u00f3n de T\u00e9cnico Superior en<br>Administraci\u00f3n de PYMES del \u00e1mbito de la Formaci\u00f3n Profesional inicial<\/p>\n\n\n\n<ol>\n<li>Certificado Liquidador de Sueldos (Res. 6862\/19)<br>Por la aprobaci\u00f3n de los siguientes espacios formativos:<br>\u25cf Gesti\u00f3n de Informaci\u00f3n para Administraci\u00f3n<br>\u25cf Tecnolog\u00edas y Sistemas para Administraci\u00f3n<\/li>\n\n\n\n<li>Certificado Auxiliar Contable (Res. 6861\/19)<br>Por la aprobaci\u00f3n de los siguientes espacios formativos:<br>\u25cf Principios de Contabilidad<br>\u25cf Gesti\u00f3n de Informaci\u00f3n para Administraci\u00f3n<\/li>\n<\/ol>\n\n\n\n<figure class=\"wp-block-image size-large is-resized\"><img decoding=\"async\" loading=\"lazy\" src=\"https:\/\/isfdyt70-bue.infd.edu.ar\/sitio\/wp-content\/uploads\/2025\/11\/IMG_0620-1-edited-1.png\" alt=\"\" class=\"wp-image-3021\" width=\"992\" height=\"557\" srcset=\"https:\/\/isfdyt70-bue.infd.edu.ar\/sitio\/wp-content\/uploads\/2025\/11\/IMG_0620-1-edited-1.png 2160w, https:\/\/isfdyt70-bue.infd.edu.ar\/sitio\/wp-content\/uploads\/2025\/11\/IMG_0620-1-edited-1-1000x563.png 1000w, https:\/\/isfdyt70-bue.infd.edu.ar\/sitio\/wp-content\/uploads\/2025\/11\/IMG_0620-1-edited-1-1900x1069.png 1900w, https:\/\/isfdyt70-bue.infd.edu.ar\/sitio\/wp-content\/uploads\/2025\/11\/IMG_0620-1-edited-1-768x432.png 768w, https:\/\/isfdyt70-bue.infd.edu.ar\/sitio\/wp-content\/uploads\/2025\/11\/IMG_0620-1-edited-1-1536x864.png 1536w, https:\/\/isfdyt70-bue.infd.edu.ar\/sitio\/wp-content\/uploads\/2025\/11\/IMG_0620-1-edited-1-2048x1152.png 2048w\" sizes=\"(max-width: 992px) 100vw, 992px\" \/><\/figure>\n\n\n\n<figure class=\"wp-block-image size-large is-resized\"><img decoding=\"async\" loading=\"lazy\" src=\"https:\/\/isfdyt70-bue.infd.edu.ar\/sitio\/wp-content\/uploads\/2025\/11\/IMG_0621-edited.png\" alt=\"\" class=\"wp-image-3023\" width=\"1020\" height=\"573\" srcset=\"https:\/\/isfdyt70-bue.infd.edu.ar\/sitio\/wp-content\/uploads\/2025\/11\/IMG_0621-edited.png 2160w, https:\/\/isfdyt70-bue.infd.edu.ar\/sitio\/wp-content\/uploads\/2025\/11\/IMG_0621-edited-1000x563.png 1000w, https:\/\/isfdyt70-bue.infd.edu.ar\/sitio\/wp-content\/uploads\/2025\/11\/IMG_0621-edited-1900x1069.png 1900w, https:\/\/isfdyt70-bue.infd.edu.ar\/sitio\/wp-content\/uploads\/2025\/11\/IMG_0621-edited-768x432.png 768w, https:\/\/isfdyt70-bue.infd.edu.ar\/sitio\/wp-content\/uploads\/2025\/11\/IMG_0621-edited-1536x864.png 1536w, https:\/\/isfdyt70-bue.infd.edu.ar\/sitio\/wp-content\/uploads\/2025\/11\/IMG_0621-edited-2048x1152.png 2048w\" sizes=\"(max-width: 1020px) 100vw, 1020px\" \/><\/figure>\n\n\n\n<figure class=\"wp-block-image size-large is-resized\"><img decoding=\"async\" loading=\"lazy\" src=\"https:\/\/isfdyt70-bue.infd.edu.ar\/sitio\/wp-content\/uploads\/2025\/11\/IMG_0622-edited.png\" alt=\"\" class=\"wp-image-3025\" width=\"1024\" height=\"575\" srcset=\"https:\/\/isfdyt70-bue.infd.edu.ar\/sitio\/wp-content\/uploads\/2025\/11\/IMG_0622-edited.png 2110w, https:\/\/isfdyt70-bue.infd.edu.ar\/sitio\/wp-content\/uploads\/2025\/11\/IMG_0622-edited-1000x563.png 1000w, https:\/\/isfdyt70-bue.infd.edu.ar\/sitio\/wp-content\/uploads\/2025\/11\/IMG_0622-edited-1900x1069.png 1900w, https:\/\/isfdyt70-bue.infd.edu.ar\/sitio\/wp-content\/uploads\/2025\/11\/IMG_0622-edited-768x432.png 768w, https:\/\/isfdyt70-bue.infd.edu.ar\/sitio\/wp-content\/uploads\/2025\/11\/IMG_0622-edited-1536x864.png 1536w, https:\/\/isfdyt70-bue.infd.edu.ar\/sitio\/wp-content\/uploads\/2025\/11\/IMG_0622-edited-2048x1152.png 2048w\" sizes=\"(max-width: 1024px) 100vw, 1024px\" \/><\/figure>\n\n\n\n<figure class=\"wp-block-image size-large\"><img decoding=\"async\" loading=\"lazy\" width=\"1215\" height=\"1944\" src=\"https:\/\/isfdyt70-bue.infd.edu.ar\/sitio\/wp-content\/uploads\/2025\/11\/IMG_0623-edited-1.png\" alt=\"\" class=\"wp-image-3028\" srcset=\"https:\/\/isfdyt70-bue.infd.edu.ar\/sitio\/wp-content\/uploads\/2025\/11\/IMG_0623-edited-1.png 1215w, https:\/\/isfdyt70-bue.infd.edu.ar\/sitio\/wp-content\/uploads\/2025\/11\/IMG_0623-edited-1-625x1000.png 625w, https:\/\/isfdyt70-bue.infd.edu.ar\/sitio\/wp-content\/uploads\/2025\/11\/IMG_0623-edited-1-1188x1900.png 1188w, https:\/\/isfdyt70-bue.infd.edu.ar\/sitio\/wp-content\/uploads\/2025\/11\/IMG_0623-edited-1-768x1229.png 768w, https:\/\/isfdyt70-bue.infd.edu.ar\/sitio\/wp-content\/uploads\/2025\/11\/IMG_0623-edited-1-960x1536.png 960w\" sizes=\"(max-width: 1215px) 100vw, 1215px\" \/><\/figure>\n\n\n\n<ol>\n<li>Certificado Liquidador de Sueldos (Res. 6862\/19)<br>Por la aprobaci\u00f3n de los siguientes espacios formativos:<br>\u25cf Gesti\u00f3n de Informaci\u00f3n para Administraci\u00f3n<br>\u25cf Tecnolog\u00edas y Sistemas para Administraci\u00f3n<\/li>\n\n\n\n<li>Certificado Auxiliar Contable (Res. 6861\/19)<br>Por la aprobaci\u00f3n de los siguientes espacios formativos:<br>\u25cf Principios de Contabilidad<br>\u25cf Gesti\u00f3n de Informaci\u00f3n para Administraci\u00f3n<\/li>\n<\/ol>\n","protected":false},"excerpt":{"rendered":"<p>T\u00edtulo que otorga: T\u00e9cnico\/a Superior en Administraci\u00f3n de PyMES Educaci\u00f3n Gratuita, T\u00edtulo con Validez Nacional Duraci\u00f3n: 3 a\u00f1os Resoluci\u00f3n N\u00ba 458\/23 Dise\u00f1o Curricular La\/El T\u00e9cnica\/o Superior en Administraci\u00f3n de PYMES estar\u00e1 capacitada\/o para desarrollar procesos t\u00e9cnico espec\u00edficos en planeamiento, organizaci\u00f3n, gesti\u00f3n, y control de los sistemas y \u00e1reas comerciales, operacionales de producci\u00f3n, econ\u00f3micofinancieras, de recursos &#8230; <a title=\"Tecnicatura Superior en Administraci\u00f3n de PyMES\" class=\"read-more\" href=\"https:\/\/isfdyt70-bue.infd.edu.ar\/sitio\/tecnicatura-superior-en-administracion-de-pymes-3\/\" aria-label=\"More on Tecnicatura Superior en Administraci\u00f3n de PyMES\">[+]<\/a><\/p>\n","protected":false},"author":444,"featured_media":0,"parent":0,"menu_order":0,"comment_status":"closed","ping_status":"closed","template":"","meta":[],"acf":[],"_links":{"self":[{"href":"https:\/\/isfdyt70-bue.infd.edu.ar\/sitio\/wp-json\/wp\/v2\/pages\/3016"}],"collection":[{"href":"https:\/\/isfdyt70-bue.infd.edu.ar\/sitio\/wp-json\/wp\/v2\/pages"}],"about":[{"href":"https:\/\/isfdyt70-bue.infd.edu.ar\/sitio\/wp-json\/wp\/v2\/types\/page"}],"author":[{"embeddable":true,"href":"https:\/\/isfdyt70-bue.infd.edu.ar\/sitio\/wp-json\/wp\/v2\/users\/444"}],"replies":[{"embeddable":true,"href":"https:\/\/isfdyt70-bue.infd.edu.ar\/sitio\/wp-json\/wp\/v2\/comments?post=3016"}],"version-history":[{"count":3,"href":"https:\/\/isfdyt70-bue.infd.edu.ar\/sitio\/wp-json\/wp\/v2\/pages\/3016\/revisions"}],"predecessor-version":[{"id":3039,"href":"https:\/\/isfdyt70-bue.infd.edu.ar\/sitio\/wp-json\/wp\/v2\/pages\/3016\/revisions\/3039"}],"wp:attachment":[{"href":"https:\/\/isfdyt70-bue.infd.edu.ar\/sitio\/wp-json\/wp\/v2\/media?parent=3016"}],"curies":[{"name":"wp","href":"https:\/\/api.w.org\/{rel}","templated":true}]}}