{"id":2554,"date":"2024-11-26T16:10:24","date_gmt":"2024-11-26T19:10:24","guid":{"rendered":"https:\/\/isfdyt70-bue.infd.edu.ar\/sitio\/?page_id=2554"},"modified":"2025-12-04T18:45:52","modified_gmt":"2025-12-04T21:45:52","slug":"inscripcion-primaria","status":"publish","type":"page","link":"https:\/\/isfdyt70-bue.infd.edu.ar\/sitio\/inscripcion-primaria\/","title":{"rendered":"Profesorado de Educaci\u00f3n Primaria"},"content":{"rendered":"\n<p class=\"has-text-align-center has-base-color has-luminous-dusk-gradient-background has-text-color has-background has-large-font-size\"><strong>PROCEDIMIENTO PARA MATRICULARSE<\/strong> <\/p>\n\n\n\n<p class=\"has-medium-font-size\">A partir del 3 de diciembre en la sede de la Instituci\u00f3n Larrea 276, de lunes a viernes de 9 a 11h y de 14 a 20h <\/p>\n\n\n\n<p class=\"has-medium-font-size\">-Completar los formularios con letra imprenta may\u00fascula legible. <\/p>\n\n\n\n<p class=\"has-medium-font-size\">-Imprimir y completar la&nbsp;<a rel=\"noreferrer noopener\" href=\"https:\/\/isfdyt70-bue.infd.edu.ar\/sitio\/wp-content\/uploads\/2025\/11\/Planilla-de-Matriculacion-1.doc\" data-type=\"URL\" data-id=\"https:\/\/isfdyt70-bue.infd.edu.ar\/sitio\/wp-content\/uploads\/2025\/11\/Planilla-de-Matriculacion-1.doc\" target=\"_blank\">Planilla de Matriculaci\u00f3n<\/a> <\/p>\n\n\n\n<p>-Imprimir y Completar <a rel=\"noreferrer noopener\" href=\"https:\/\/isfdyt70-bue.infd.edu.ar\/sitio\/wp-content\/uploads\/2025\/12\/Formacion-Docente-inicial-Tecnica-y-Artistica-Planilla-de-inscripcion-Educacion-Superior_1.pdf\" data-type=\"URL\" data-id=\"https:\/\/isfdyt70-bue.infd.edu.ar\/sitio\/wp-content\/uploads\/2025\/12\/Formacion-Docente-inicial-Tecnica-y-Artistica-Planilla-de-inscripcion-Educacion-Superior_1.pdf\" target=\"_blank\">Solicitud de Inscripci\u00f3n Nivel Superior <\/a><\/p>\n\n\n\n<p class=\"has-medium-font-size\">Imprimir y Completar <a rel=\"noreferrer noopener\" href=\"https:\/\/isfdyt70-bue.infd.edu.ar\/sitio\/wp-content\/uploads\/2025\/11\/Ficha-Medica.doc\" target=\"_blank\">\u2013Ficha M\u00e9dica&nbsp;(a completar por aspirante)<\/a><\/p>\n\n\n\n<p class=\"has-medium-font-size\">-Las y los estudiantes deber\u00e1n cumplimentar ex\u00e1menes m\u00e9dicos cl\u00ednicos, psicol\u00f3gicos, fonoaudiol\u00f3gicos y odontol\u00f3gicos, durante la trayectoria estudiantil. Antes del inicio de cursada de materias con actividad f\u00edsica, deber\u00e1n cumplimentar los estudios espec\u00edficos.<\/p>\n\n\n\n<p class=\"has-medium-font-size\">-Fotocopia de D.N.I.&nbsp;<\/p>\n\n\n\n<p class=\"has-medium-font-size\">-2 fotos carnet<\/p>\n\n\n\n<p>-Fotocopia de carnet de obra social en caso de poseer. <\/p>\n\n\n\n<p class=\"has-medium-font-size\">Imprimir y Completar<a rel=\"noreferrer noopener\" href=\"https:\/\/isfdyt70-bue.infd.edu.ar\/sitio\/wp-content\/uploads\/2025\/11\/ANEXO-VII-Salida-Mayores-de-18-anos.docx\" data-type=\"URL\" data-id=\"https:\/\/isfdyt70-bue.infd.edu.ar\/sitio\/wp-content\/uploads\/2025\/11\/ANEXO-VII-Salida-Mayores-de-18-anos.docx\" target=\"_blank\"> -Planilla Salida Educativa.<\/a><\/p>\n\n\n\n<p class=\"has-medium-font-size\">-Fotocopia de T\u00edtulo de Nivel Secundario. El T\u00edtulo debe estar registrado en Consejo Escolar y Ministerio del Interior.<\/p>\n\n\n\n<p class=\"has-medium-font-size\"><span style=\"font-size: 14pt; font-family: verdana, geneva;\">De no contar a\u00fan con el T\u00edtulo, entregar Constancia de T\u00edtulo en Tr\u00e1mite o constancia de que adeuda materias, emitido por la Escuela Secundaria a la que concurre\/concurri\u00f3.<\/span> La fecha l\u00edmite para culminar los estudios secundarios es el 30\/10.<\/p>\n\n\n\n<h5 class=\"wp-block-heading has-medium-font-size\"><strong>-La documentaci\u00f3n debe presentarse en un folio con carpeta colgate, COMPLETA, para cumplimentar la inscripci\u00f3n.<\/strong><\/h5>\n\n\n\n<p class=\"has-medium-font-size\">El Personal revisar\u00e1 y verificar\u00e1 dicha carpeta para dar por concluido el proceso de inscripci\u00f3n.  <\/p>\n\n\n\n<p class=\"has-medium-font-size\">-Ponemos en conocimiento que nuestra instituci\u00f3n tiene una Asociaci\u00f3n Coopeadora, una entidad solidaria, cooperativa conformada por miembros de la comunidad educativa.  El pago anual voluntario de la cooperadora permite sostener gastos administrativos y brindar apoyo en diversas actividades llevadas a cabo por la instituci\u00f3n. <\/p>\n\n\n\n<p><\/p>\n\n\n\n<figure class=\"wp-block-embed is-type-wp-embed is-provider-instituto-superior-de-formacion-docente-y-tecnica-n-70-manuel-belgrano wp-block-embed-instituto-superior-de-formacion-docente-y-tecnica-n-70-manuel-belgrano\"><div class=\"wp-block-embed__wrapper\">\n<blockquote class=\"wp-embedded-content\" data-secret=\"AN6l5QA8XG\"><a href=\"https:\/\/isfdyt70-bue.infd.edu.ar\/sitio\/profesorado-de-educacion-primaria\/\">Profesorado de Educaci\u00f3n Primaria<\/a><\/blockquote><iframe class=\"wp-embedded-content\" sandbox=\"allow-scripts\" security=\"restricted\" style=\"position: absolute; clip: rect(1px, 1px, 1px, 1px);\" title=\"\u00abProfesorado de Educaci\u00f3n Primaria\u00bb \u2014 Instituto Superior de Formaci\u00f3n Docente y T\u00e9cnica N\u00ba 70 - Manuel Belgrano\" src=\"https:\/\/isfdyt70-bue.infd.edu.ar\/sitio\/profesorado-de-educacion-primaria\/embed\/#?secret=TLVLC8o2Bg#?secret=AN6l5QA8XG\" data-secret=\"AN6l5QA8XG\" width=\"600\" height=\"338\" frameborder=\"0\" marginwidth=\"0\" marginheight=\"0\" scrolling=\"no\"><\/iframe>\n<\/div><\/figure>\n\n\n\n<div class=\"wp-block-buttons alignfull is-layout-flex\">\n<div class=\"wp-block-button has-custom-width wp-block-button__width-100 has-custom-font-size has-medium-font-size\"><a class=\"wp-block-button__link has-luminous-dusk-gradient-background has-background wp-element-button\" href=\"https:\/\/forms.gle\/qyXxMGcu6XVbrJEJ8\" target=\"_blank\" rel=\"noreferrer noopener\">\u00daltimo Paso a completar cuando entregas la documentaci\u00f3n en el Instituto<\/a><\/div>\n<\/div>\n","protected":false},"excerpt":{"rendered":"<p>PROCEDIMIENTO PARA MATRICULARSE A partir del 3 de diciembre en la sede de la Instituci\u00f3n Larrea 276, de lunes a viernes de 9 a 11h y de 14 a 20h -Completar los formularios con letra imprenta may\u00fascula legible. -Imprimir y completar la&nbsp;Planilla de Matriculaci\u00f3n -Imprimir y Completar Solicitud de Inscripci\u00f3n Nivel Superior Imprimir y Completar &#8230; <a title=\"Profesorado de Educaci\u00f3n Primaria\" class=\"read-more\" href=\"https:\/\/isfdyt70-bue.infd.edu.ar\/sitio\/inscripcion-primaria\/\" aria-label=\"More on Profesorado de Educaci\u00f3n Primaria\">[+]<\/a><\/p>\n","protected":false},"author":444,"featured_media":0,"parent":0,"menu_order":0,"comment_status":"closed","ping_status":"closed","template":"","meta":[],"acf":[],"_links":{"self":[{"href":"https:\/\/isfdyt70-bue.infd.edu.ar\/sitio\/wp-json\/wp\/v2\/pages\/2554"}],"collection":[{"href":"https:\/\/isfdyt70-bue.infd.edu.ar\/sitio\/wp-json\/wp\/v2\/pages"}],"about":[{"href":"https:\/\/isfdyt70-bue.infd.edu.ar\/sitio\/wp-json\/wp\/v2\/types\/page"}],"author":[{"embeddable":true,"href":"https:\/\/isfdyt70-bue.infd.edu.ar\/sitio\/wp-json\/wp\/v2\/users\/444"}],"replies":[{"embeddable":true,"href":"https:\/\/isfdyt70-bue.infd.edu.ar\/sitio\/wp-json\/wp\/v2\/comments?post=2554"}],"version-history":[{"count":33,"href":"https:\/\/isfdyt70-bue.infd.edu.ar\/sitio\/wp-json\/wp\/v2\/pages\/2554\/revisions"}],"predecessor-version":[{"id":3074,"href":"https:\/\/isfdyt70-bue.infd.edu.ar\/sitio\/wp-json\/wp\/v2\/pages\/2554\/revisions\/3074"}],"wp:attachment":[{"href":"https:\/\/isfdyt70-bue.infd.edu.ar\/sitio\/wp-json\/wp\/v2\/media?parent=2554"}],"curies":[{"name":"wp","href":"https:\/\/api.w.org\/{rel}","templated":true}]}}