{"id":2434,"date":"2023-06-05T20:10:51","date_gmt":"2023-06-05T23:10:51","guid":{"rendered":"https:\/\/isfdyt70-bue.infd.edu.ar\/sitio\/?page_id=2434"},"modified":"2026-03-03T20:39:50","modified_gmt":"2026-03-03T23:39:50","slug":"justificacion-de-inasistencia-porcarreras","status":"publish","type":"page","link":"https:\/\/isfdyt70-bue.infd.edu.ar\/sitio\/justificacion-de-inasistencia-porcarreras\/","title":{"rendered":"App Instituto &#8211; Inasistencias"},"content":{"rendered":"\n<p>Ingreso para administradores: <a href=\"https:\/\/mobidesigner.wixsite.com\/isfdytn70\">https:\/\/mobidesigner.wixsite.com<\/a><\/p>\n\n\n\n<p><strong>ATENCI\u00d3N:<\/strong>&nbsp;Se considerar\u00e1n v\u00e1lidas las inasistencias si se notifican y justifican en un plazo no mayor a 48 horas despu\u00e9s de la misma.<\/p>\n","protected":false},"excerpt":{"rendered":"<p>Ingreso para administradores: https:\/\/mobidesigner.wixsite.com ATENCI\u00d3N:&nbsp;Se considerar\u00e1n v\u00e1lidas las inasistencias si se notifican y justifican en un plazo no mayor a 48 horas despu\u00e9s de la misma.<\/p>\n","protected":false},"author":444,"featured_media":0,"parent":0,"menu_order":0,"comment_status":"closed","ping_status":"closed","template":"","meta":[],"acf":[],"_links":{"self":[{"href":"https:\/\/isfdyt70-bue.infd.edu.ar\/sitio\/wp-json\/wp\/v2\/pages\/2434"}],"collection":[{"href":"https:\/\/isfdyt70-bue.infd.edu.ar\/sitio\/wp-json\/wp\/v2\/pages"}],"about":[{"href":"https:\/\/isfdyt70-bue.infd.edu.ar\/sitio\/wp-json\/wp\/v2\/types\/page"}],"author":[{"embeddable":true,"href":"https:\/\/isfdyt70-bue.infd.edu.ar\/sitio\/wp-json\/wp\/v2\/users\/444"}],"replies":[{"embeddable":true,"href":"https:\/\/isfdyt70-bue.infd.edu.ar\/sitio\/wp-json\/wp\/v2\/comments?post=2434"}],"version-history":[{"count":7,"href":"https:\/\/isfdyt70-bue.infd.edu.ar\/sitio\/wp-json\/wp\/v2\/pages\/2434\/revisions"}],"predecessor-version":[{"id":3224,"href":"https:\/\/isfdyt70-bue.infd.edu.ar\/sitio\/wp-json\/wp\/v2\/pages\/2434\/revisions\/3224"}],"wp:attachment":[{"href":"https:\/\/isfdyt70-bue.infd.edu.ar\/sitio\/wp-json\/wp\/v2\/media?parent=2434"}],"curies":[{"name":"wp","href":"https:\/\/api.w.org\/{rel}","templated":true}]}}