{"id":2394,"date":"2022-12-01T20:33:39","date_gmt":"2022-12-01T23:33:39","guid":{"rendered":"https:\/\/isfdyt70-bue.infd.edu.ar\/sitio\/?page_id=2394"},"modified":"2025-11-24T22:28:23","modified_gmt":"2025-11-25T01:28:23","slug":"profesorado-de-lengua-y-literatura-2","status":"publish","type":"page","link":"https:\/\/isfdyt70-bue.infd.edu.ar\/sitio\/profesorado-de-lengua-y-literatura-2\/","title":{"rendered":"Profesorado de Lengua y Literatura &#8211; Ciclo Cerrado"},"content":{"rendered":"\n<p><strong>Nombre de la Carrera: Profesorado de Lengua y Literatura<\/strong><\/p>\n\n\n\n<p><strong>T\u00edtulo que otorga: Profesor de Lengua y Literatura<\/strong><\/p>\n\n\n\n<p><strong>Duraci\u00f3n: 4 a\u00f1o<\/strong>s<\/p>\n\n\n\n<p><strong>Resoluci\u00f3n N\u00ba<\/strong> 1862\/17<\/p>\n\n\n\n<figure class=\"wp-block-image size-large\"><img decoding=\"async\" loading=\"lazy\" width=\"783\" height=\"770\" src=\"https:\/\/isfdyt70-bue.infd.edu.ar\/sitio\/wp-content\/uploads\/2022\/12\/Lengua-1.png\" alt=\"\" class=\"wp-image-2396\" srcset=\"https:\/\/isfdyt70-bue.infd.edu.ar\/sitio\/wp-content\/uploads\/2022\/12\/Lengua-1.png 783w, https:\/\/isfdyt70-bue.infd.edu.ar\/sitio\/wp-content\/uploads\/2022\/12\/Lengua-1-768x755.png 768w\" sizes=\"(max-width: 783px) 100vw, 783px\" \/><\/figure>\n\n\n\n<figure class=\"wp-block-image size-large\"><img decoding=\"async\" loading=\"lazy\" width=\"833\" height=\"767\" src=\"https:\/\/isfdyt70-bue.infd.edu.ar\/sitio\/wp-content\/uploads\/2022\/12\/Lengua-2.png\" alt=\"\" class=\"wp-image-2397\" srcset=\"https:\/\/isfdyt70-bue.infd.edu.ar\/sitio\/wp-content\/uploads\/2022\/12\/Lengua-2.png 833w, https:\/\/isfdyt70-bue.infd.edu.ar\/sitio\/wp-content\/uploads\/2022\/12\/Lengua-2-768x707.png 768w\" sizes=\"(max-width: 833px) 100vw, 833px\" \/><\/figure>\n\n\n\n<figure class=\"wp-block-image size-large\"><img decoding=\"async\" loading=\"lazy\" width=\"830\" height=\"765\" src=\"https:\/\/isfdyt70-bue.infd.edu.ar\/sitio\/wp-content\/uploads\/2022\/12\/Lengua-3.png\" alt=\"\" class=\"wp-image-2398\" srcset=\"https:\/\/isfdyt70-bue.infd.edu.ar\/sitio\/wp-content\/uploads\/2022\/12\/Lengua-3.png 830w, https:\/\/isfdyt70-bue.infd.edu.ar\/sitio\/wp-content\/uploads\/2022\/12\/Lengua-3-768x708.png 768w\" sizes=\"(max-width: 830px) 100vw, 830px\" \/><\/figure>\n\n\n\n<figure class=\"wp-block-image size-large\"><img decoding=\"async\" loading=\"lazy\" width=\"848\" height=\"771\" src=\"https:\/\/isfdyt70-bue.infd.edu.ar\/sitio\/wp-content\/uploads\/2022\/12\/Lengua-4.png\" alt=\"\" class=\"wp-image-2399\" srcset=\"https:\/\/isfdyt70-bue.infd.edu.ar\/sitio\/wp-content\/uploads\/2022\/12\/Lengua-4.png 848w, https:\/\/isfdyt70-bue.infd.edu.ar\/sitio\/wp-content\/uploads\/2022\/12\/Lengua-4-768x698.png 768w\" sizes=\"(max-width: 848px) 100vw, 848px\" \/><\/figure>\n\n\n\n<figure class=\"wp-block-image size-large\"><img decoding=\"async\" loading=\"lazy\" width=\"843\" height=\"766\" src=\"https:\/\/isfdyt70-bue.infd.edu.ar\/sitio\/wp-content\/uploads\/2022\/12\/Lengua-5.png\" alt=\"\" class=\"wp-image-2400\" srcset=\"https:\/\/isfdyt70-bue.infd.edu.ar\/sitio\/wp-content\/uploads\/2022\/12\/Lengua-5.png 843w, https:\/\/isfdyt70-bue.infd.edu.ar\/sitio\/wp-content\/uploads\/2022\/12\/Lengua-5-768x698.png 768w\" sizes=\"(max-width: 843px) 100vw, 843px\" \/><\/figure>\n","protected":false},"excerpt":{"rendered":"<p>Nombre de la Carrera: Profesorado de Lengua y Literatura T\u00edtulo que otorga: Profesor de Lengua y Literatura Duraci\u00f3n: 4 a\u00f1os Resoluci\u00f3n N\u00ba 1862\/17<\/p>\n","protected":false},"author":444,"featured_media":0,"parent":0,"menu_order":0,"comment_status":"closed","ping_status":"closed","template":"","meta":[],"acf":[],"_links":{"self":[{"href":"https:\/\/isfdyt70-bue.infd.edu.ar\/sitio\/wp-json\/wp\/v2\/pages\/2394"}],"collection":[{"href":"https:\/\/isfdyt70-bue.infd.edu.ar\/sitio\/wp-json\/wp\/v2\/pages"}],"about":[{"href":"https:\/\/isfdyt70-bue.infd.edu.ar\/sitio\/wp-json\/wp\/v2\/types\/page"}],"author":[{"embeddable":true,"href":"https:\/\/isfdyt70-bue.infd.edu.ar\/sitio\/wp-json\/wp\/v2\/users\/444"}],"replies":[{"embeddable":true,"href":"https:\/\/isfdyt70-bue.infd.edu.ar\/sitio\/wp-json\/wp\/v2\/comments?post=2394"}],"version-history":[{"count":2,"href":"https:\/\/isfdyt70-bue.infd.edu.ar\/sitio\/wp-json\/wp\/v2\/pages\/2394\/revisions"}],"predecessor-version":[{"id":3031,"href":"https:\/\/isfdyt70-bue.infd.edu.ar\/sitio\/wp-json\/wp\/v2\/pages\/2394\/revisions\/3031"}],"wp:attachment":[{"href":"https:\/\/isfdyt70-bue.infd.edu.ar\/sitio\/wp-json\/wp\/v2\/media?parent=2394"}],"curies":[{"name":"wp","href":"https:\/\/api.w.org\/{rel}","templated":true}]}}