{"id":2266,"date":"2022-10-19T18:48:54","date_gmt":"2022-10-19T21:48:54","guid":{"rendered":"https:\/\/isfdyt70-bue.infd.edu.ar\/sitio\/?page_id=2266"},"modified":"2023-11-30T18:04:48","modified_gmt":"2023-11-30T21:04:48","slug":"inscripcion-para-profesorado-de-lengua-y-literatura","status":"publish","type":"page","link":"https:\/\/isfdyt70-bue.infd.edu.ar\/sitio\/inscripcion-para-profesorado-de-lengua-y-literatura\/","title":{"rendered":"Inscripci\u00f3n para Profesorado de Lengua y Literatura"},"content":{"rendered":"\n<p class=\"has-text-align-center\">PROCEDIMIENTO PARA REALIZAR LA INSCRIPCI\u00d3N AL PROFESORADO DE LENGUA Y LITERATURA<\/p>\n\n\n\n<p><\/p>\n\n\n\n<p>Entregar hasta el d\u00eda 13\/03 en la sede de la Instituci\u00f3n Larrea 276, de lunes a viernes de 8hs a 11hs y de 14hs a 19hs<\/p>\n\n\n\n<p>-Imprimir y Completar la&nbsp;<a href=\"https:\/\/isfdyt70-bue.infd.edu.ar\/sitio\/wp-content\/uploads\/2022\/11\/Planilla-de-Inscripcion.doc\">PLANILLA DE INSCRIPCI\u00d3N.<\/a><\/p>\n\n\n\n<p>-Certificado m\u00e9dico de aptitud psicof\u00edsica.\u00a0<\/p>\n\n\n\n<p>\u2013<a href=\"https:\/\/isfdyt70-bue.infd.edu.ar\/sitio\/wp-content\/uploads\/2022\/11\/Ficha-Medica-a-completar-por-Esrudiantes.doc\">Ficha M\u00e9dica&nbsp;<\/a>(a completar por aspirante)<\/p>\n\n\n\n<p>-Fotocopia de D.N.I.&nbsp;<\/p>\n\n\n\n<p>-2 fotos carnet<\/p>\n\n\n\n<p>&#8212;<a href=\"https:\/\/isfdyt70-bue.infd.edu.ar\/sitio\/wp-content\/uploads\/2022\/11\/REGIMEN-ACADEMICO-Numerado.doc\">R\u00e9gimen Acad\u00e9mico &nbsp;<\/a>1 copia para ser sellada en Preceptor\u00eda al momento de la inscripci\u00f3n.<\/p>\n\n\n\n<p>-Fotocopia de T\u00edtulo de Nivel Secundario. El T\u00edtulo debe estar registrado en Consejo Escolar y Ministerio del Interior.<\/p>\n\n\n\n<p>De no contar a\u00fan con el T\u00edtulo, entregar Constancia de T\u00edtulo en Tr\u00e1mite emitido por la Escuela Secundaria a la que concurre\/concurri\u00f3. La fecha l\u00edmite para culminar los estudios secundarios es el 31\/08.<\/p>\n\n\n\n<p>Toda esta documentaci\u00f3n debe ser entregada en un folio.<\/p>\n\n\n\n<p>El Personal revisar\u00e1 y verificar\u00e1 dicha carpeta para dar por concluido el proceso de inscripci\u00f3n.<\/p>\n\n\n\n<p>IMPORTANTE:<\/p>\n\n\n\n<p>-La documentaci\u00f3n debe presentarse en un folio, COMPLETA, para cumplimentar la inscripci\u00f3n.<\/p>\n\n\n\n<p><a href=\"https:\/\/isfdyt70-bue.infd.edu.ar\/sitio\/wp-content\/uploads\/2022\/10\/plan-de-estudiolengua_y_literatura.pdf\" target=\"_blank\" rel=\"noreferrer noopener\">Plan de Estudios de la Carrera<\/a><\/p>\n","protected":false},"excerpt":{"rendered":"<p>PROCEDIMIENTO PARA REALIZAR LA INSCRIPCI\u00d3N AL PROFESORADO DE LENGUA Y LITERATURA Entregar hasta el d\u00eda 13\/03 en la sede de la Instituci\u00f3n Larrea 276, de lunes a viernes de 8hs a 11hs y de 14hs a 19hs -Imprimir y Completar la&nbsp;PLANILLA DE INSCRIPCI\u00d3N. -Certificado m\u00e9dico de aptitud psicof\u00edsica.\u00a0 \u2013Ficha M\u00e9dica&nbsp;(a completar por aspirante) -Fotocopia de &#8230; <a title=\"Inscripci\u00f3n para Profesorado de Lengua y Literatura\" class=\"read-more\" href=\"https:\/\/isfdyt70-bue.infd.edu.ar\/sitio\/inscripcion-para-profesorado-de-lengua-y-literatura\/\" aria-label=\"More on Inscripci\u00f3n para Profesorado de Lengua y Literatura\">[+]<\/a><\/p>\n","protected":false},"author":444,"featured_media":0,"parent":0,"menu_order":0,"comment_status":"closed","ping_status":"closed","template":"","meta":[],"acf":[],"_links":{"self":[{"href":"https:\/\/isfdyt70-bue.infd.edu.ar\/sitio\/wp-json\/wp\/v2\/pages\/2266"}],"collection":[{"href":"https:\/\/isfdyt70-bue.infd.edu.ar\/sitio\/wp-json\/wp\/v2\/pages"}],"about":[{"href":"https:\/\/isfdyt70-bue.infd.edu.ar\/sitio\/wp-json\/wp\/v2\/types\/page"}],"author":[{"embeddable":true,"href":"https:\/\/isfdyt70-bue.infd.edu.ar\/sitio\/wp-json\/wp\/v2\/users\/444"}],"replies":[{"embeddable":true,"href":"https:\/\/isfdyt70-bue.infd.edu.ar\/sitio\/wp-json\/wp\/v2\/comments?post=2266"}],"version-history":[{"count":15,"href":"https:\/\/isfdyt70-bue.infd.edu.ar\/sitio\/wp-json\/wp\/v2\/pages\/2266\/revisions"}],"predecessor-version":[{"id":2474,"href":"https:\/\/isfdyt70-bue.infd.edu.ar\/sitio\/wp-json\/wp\/v2\/pages\/2266\/revisions\/2474"}],"wp:attachment":[{"href":"https:\/\/isfdyt70-bue.infd.edu.ar\/sitio\/wp-json\/wp\/v2\/media?parent=2266"}],"curies":[{"name":"wp","href":"https:\/\/api.w.org\/{rel}","templated":true}]}}