{"id":1988,"date":"2021-10-21T16:33:46","date_gmt":"2021-10-21T19:33:46","guid":{"rendered":"https:\/\/isfdyt70-bue.infd.edu.ar\/sitio\/?page_id=1988"},"modified":"2026-02-02T17:25:04","modified_gmt":"2026-02-02T20:25:04","slug":"analista-en-sistema-ciclo-cerrado","status":"publish","type":"page","link":"https:\/\/isfdyt70-bue.infd.edu.ar\/sitio\/analista-en-sistema-ciclo-cerrado\/","title":{"rendered":"Tecnicatura Superior en Analisis en Sistema &#8211; Ciclo Cerrado"},"content":{"rendered":"\n<p><strong>Nombre de la Carrera:&nbsp; Tecnicatura Superior en Analisis de Sistemas<\/strong><\/p>\n\n\n\n<p><strong>T\u00edtulo que otorga: Analista de Sistemas<\/strong><\/p>\n\n\n\n<p><strong>Duraci\u00f3n: 3 a\u00f1os<\/strong><\/p>\n\n\n\n<p><strong>Resoluci\u00f3n N\u00ba&nbsp; 6790\/19<\/strong><\/p>\n\n\n\n<p><strong><a rel=\"noreferrer noopener\" href=\"https:\/\/isfdyt70-bue.infd.edu.ar\/sitio\/wp-content\/uploads\/2022\/10\/8-1-1.pdf\" target=\"_blank\">Dise\u00f1o Curricular<\/a><\/strong><\/p>\n\n\n\n<p><strong>\u00c1REA OCUPACIONAL:<\/strong><br>El Analista de Sistemas podr\u00e1 desempe\u00f1arse en todo tipo de organizaciones que requieran una persona o grupo de personas que dirijan el an\u00e1lisis, dise\u00f1o e implementaci\u00f3n de sistemas de informaci\u00f3n. Asimismo, podr\u00e1 trabajar de forma independiente, actuando como consultor para la realizaci\u00f3n de proyectos relacionados con el an\u00e1lisis, dise\u00f1o, implementaci\u00f3n y\/ o seguimiento de sistemas de informaci\u00f3n.<br>Tambi\u00e9n podr\u00e1 actuar como auditor de sistemas de informaci\u00f3n, administrador de bases de datos, miembro de un equipo de aseguramiento de calidad, l\u00edder de equipo de pruebas de sistemas y\/o conducir grupos de trabajos en estas \u00e1reas.<\/p>\n\n\n\n<p><br><strong>HABILITACIONES PROFESIONALES:<\/strong><br>Se establece que los Analistas de Sistemas se encuentran habilitados para analizar, dise\u00f1ar, diagnosticar, implementar y verificar sistemas de informaci\u00f3n.<br>Quedando excluido de esta habilitaci\u00f3n el software correspondiente a sistemas cr\u00edticos para la seguridad, como es el caso de los que involucren el procesamiento de informaci\u00f3n que conlleve riesgos efectivos para terceros.<br>Estas habilitaciones tienen efecto para el desempe\u00f1o profesional del Analista de Sistemas, en forma aut\u00f3noma o asumiendo plenamente la responsabilidad por los resultados que obtenga su grupo de trabajo.<\/p>\n\n\n\n<p><\/p>\n\n\n\n<figure class=\"wp-block-image is-resized\"><a href=\"https:\/\/isfdyt70-bue.infd.edu.ar\/sitio\/wp-content\/uploads\/2022\/10\/9.pdf\"><img decoding=\"async\" loading=\"lazy\" src=\"https:\/\/isfdyt210-bue.infd.edu.ar\/sitio\/wp-content\/uploads\/2020\/04\/1-2-3-SISTEMAS-NUEVO.jpg\" alt=\"\" width=\"996\" height=\"603\"\/><\/a><\/figure>\n\n\n\n<figure class=\"wp-block-image is-resized\"><img decoding=\"async\" loading=\"lazy\" src=\"https:\/\/isfdyt210-bue.infd.edu.ar\/sitio\/wp-content\/uploads\/2020\/04\/CORRELATIVIDADES-SISTEMAS-NUEVO.jpg\" alt=\"\" width=\"743\" height=\"582\"\/><\/figure>\n\n\n\n<p><\/p>\n","protected":false},"excerpt":{"rendered":"<p>Nombre de la Carrera:&nbsp; Tecnicatura Superior en Analisis de Sistemas T\u00edtulo que otorga: Analista de Sistemas Duraci\u00f3n: 3 a\u00f1os Resoluci\u00f3n N\u00ba&nbsp; 6790\/19 Dise\u00f1o Curricular \u00c1REA OCUPACIONAL:El Analista de Sistemas podr\u00e1 desempe\u00f1arse en todo tipo de organizaciones que requieran una persona o grupo de personas que dirijan el an\u00e1lisis, dise\u00f1o e implementaci\u00f3n de sistemas de informaci\u00f3n. &#8230; <a title=\"Tecnicatura Superior en Analisis en Sistema &#8211; Ciclo Cerrado\" class=\"read-more\" href=\"https:\/\/isfdyt70-bue.infd.edu.ar\/sitio\/analista-en-sistema-ciclo-cerrado\/\" aria-label=\"More on Tecnicatura Superior en Analisis en Sistema &#8211; Ciclo Cerrado\">[+]<\/a><\/p>\n","protected":false},"author":444,"featured_media":0,"parent":0,"menu_order":0,"comment_status":"closed","ping_status":"closed","template":"","meta":[],"acf":[],"_links":{"self":[{"href":"https:\/\/isfdyt70-bue.infd.edu.ar\/sitio\/wp-json\/wp\/v2\/pages\/1988"}],"collection":[{"href":"https:\/\/isfdyt70-bue.infd.edu.ar\/sitio\/wp-json\/wp\/v2\/pages"}],"about":[{"href":"https:\/\/isfdyt70-bue.infd.edu.ar\/sitio\/wp-json\/wp\/v2\/types\/page"}],"author":[{"embeddable":true,"href":"https:\/\/isfdyt70-bue.infd.edu.ar\/sitio\/wp-json\/wp\/v2\/users\/444"}],"replies":[{"embeddable":true,"href":"https:\/\/isfdyt70-bue.infd.edu.ar\/sitio\/wp-json\/wp\/v2\/comments?post=1988"}],"version-history":[{"count":8,"href":"https:\/\/isfdyt70-bue.infd.edu.ar\/sitio\/wp-json\/wp\/v2\/pages\/1988\/revisions"}],"predecessor-version":[{"id":3142,"href":"https:\/\/isfdyt70-bue.infd.edu.ar\/sitio\/wp-json\/wp\/v2\/pages\/1988\/revisions\/3142"}],"wp:attachment":[{"href":"https:\/\/isfdyt70-bue.infd.edu.ar\/sitio\/wp-json\/wp\/v2\/media?parent=1988"}],"curies":[{"name":"wp","href":"https:\/\/api.w.org\/{rel}","templated":true}]}}