{"id":1008,"date":"2018-06-29T17:40:53","date_gmt":"2018-06-29T20:40:53","guid":{"rendered":"https:\/\/isfdyt70-bue.infd.edu.ar\/sitio\/correlatividades\/"},"modified":"2026-02-25T14:17:19","modified_gmt":"2026-02-25T17:17:19","slug":"correlatividades","status":"publish","type":"page","link":"https:\/\/isfdyt70-bue.infd.edu.ar\/sitio\/correlatividades\/","title":{"rendered":"Solicitud de Pase"},"content":{"rendered":"\n<p>PROCEDIMIENTO PARA REALIZAR PASE A NUESTRA INSTITUCI\u00d3N.<\/p>\n\n\n\n<p>-Imprimir y Completar la&nbsp;SOLICITUD DE PASE  y entregar en la sede de la Instituci\u00f3n Larrea 276, de lunes a viernes de 8hs a 11hs y de 14hs a 19hs o enviar v\u00eda mail inti70rauch@yahoo.com.ar con asunto: pedido de pase.<\/p>\n\n\n\n<div class=\"wp-block-file\"><a id=\"wp-block-file--media-68b2a7c1-b59f-415d-b3b7-4caf5b02d2b3\" href=\"https:\/\/isfdyt70-bue.infd.edu.ar\/sitio\/wp-content\/uploads\/2026\/02\/SOLICITUD-DE-PASE-2.docx\">SOLICITUD-DE-PASE (modelo)<\/a><a href=\"https:\/\/isfdyt70-bue.infd.edu.ar\/sitio\/wp-content\/uploads\/2026\/02\/SOLICITUD-DE-PASE-2.docx\" class=\"wp-block-file__button wp-element-button\" download aria-describedby=\"wp-block-file--media-68b2a7c1-b59f-415d-b3b7-4caf5b02d2b3\">Descarga<\/a><\/div>\n\n\n\n<p><\/p>\n\n\n\n<p>Una vez recibida la solicitud procederemos a gestionar el pase entre  Institutos.<\/p>\n\n\n\n<p>Cuando tu pase sea efectivo, ser\u00e1 necesario que te matricules en nuestra Instituci\u00f3n completando<\/p>\n\n\n\n<p>&#8211;<a href=\"https:\/\/isfdyt70-bue.infd.edu.ar\/sitio\/wp-content\/uploads\/2022\/11\/Planilla-de-Inscripcion.doc\">PLANILLA DE INSCRIPCI\u00d3N.<\/a><\/p>\n\n\n\n<p>\u2013<a href=\"https:\/\/isfdyt70-bue.infd.edu.ar\/sitio\/wp-content\/uploads\/2022\/11\/Ficha-Medica-a-completar-por-Esrudiantes.doc\">Ficha M\u00e9dica<\/a>&nbsp;(a completar por aspirante)<\/p>\n\n\n\n<p>Toda esta documentaci\u00f3n debe ser entregada en un folio.<\/p>\n\n\n\n<p>El Personal revisar\u00e1 y verificar\u00e1 la documentaci\u00f3n presentada para dar por concluido el proceso de matriculaci\u00f3n.<\/p>\n\n\n\n<p>IMPORTANTE:<\/p>\n\n\n\n<p>-La documentaci\u00f3n debe presentarse en un folio, COMPLETA.<\/p>\n\n\n\n<p><\/p>\n","protected":false},"excerpt":{"rendered":"<p>PROCEDIMIENTO PARA REALIZAR PASE A NUESTRA INSTITUCI\u00d3N. -Imprimir y Completar la&nbsp;SOLICITUD DE PASE y entregar en la sede de la Instituci\u00f3n Larrea 276, de lunes a viernes de 8hs a 11hs y de 14hs a 19hs o enviar v\u00eda mail inti70rauch@yahoo.com.ar con asunto: pedido de pase. Una vez recibida la solicitud procederemos a gestionar el &#8230; <a title=\"Solicitud de Pase\" class=\"read-more\" href=\"https:\/\/isfdyt70-bue.infd.edu.ar\/sitio\/correlatividades\/\" aria-label=\"More on Solicitud de Pase\">[+]<\/a><\/p>\n","protected":false},"author":444,"featured_media":0,"parent":0,"menu_order":0,"comment_status":"closed","ping_status":"closed","template":"","meta":[],"acf":[],"_links":{"self":[{"href":"https:\/\/isfdyt70-bue.infd.edu.ar\/sitio\/wp-json\/wp\/v2\/pages\/1008"}],"collection":[{"href":"https:\/\/isfdyt70-bue.infd.edu.ar\/sitio\/wp-json\/wp\/v2\/pages"}],"about":[{"href":"https:\/\/isfdyt70-bue.infd.edu.ar\/sitio\/wp-json\/wp\/v2\/types\/page"}],"author":[{"embeddable":true,"href":"https:\/\/isfdyt70-bue.infd.edu.ar\/sitio\/wp-json\/wp\/v2\/users\/444"}],"replies":[{"embeddable":true,"href":"https:\/\/isfdyt70-bue.infd.edu.ar\/sitio\/wp-json\/wp\/v2\/comments?post=1008"}],"version-history":[{"count":6,"href":"https:\/\/isfdyt70-bue.infd.edu.ar\/sitio\/wp-json\/wp\/v2\/pages\/1008\/revisions"}],"predecessor-version":[{"id":3214,"href":"https:\/\/isfdyt70-bue.infd.edu.ar\/sitio\/wp-json\/wp\/v2\/pages\/1008\/revisions\/3214"}],"wp:attachment":[{"href":"https:\/\/isfdyt70-bue.infd.edu.ar\/sitio\/wp-json\/wp\/v2\/media?parent=1008"}],"curies":[{"name":"wp","href":"https:\/\/api.w.org\/{rel}","templated":true}]}}