{"id":1004,"date":"2018-07-26T14:09:57","date_gmt":"2018-07-26T17:09:57","guid":{"rendered":"https:\/\/isfdyt70-bue.infd.edu.ar\/sitio\/?page_id=1004"},"modified":"2025-12-12T17:36:28","modified_gmt":"2025-12-12T20:36:28","slug":"inscripcion-para-enfermero","status":"publish","type":"page","link":"https:\/\/isfdyt70-bue.infd.edu.ar\/sitio\/inscripcion-para-enfermero\/","title":{"rendered":"Tecnicatura Superior en Enfermer\u00eda"},"content":{"rendered":"\n<p class=\"has-text-align-center has-base-2-color has-luminous-dusk-gradient-background has-text-color has-background has-large-font-size\"><span style=\"font-size: 14pt; font-family: verdana, geneva;\"><strong>PROCEDIMIENTO PARA MATRICULARSE<\/strong><\/span><\/p>\n\n\n\n<p><span style=\"font-size: 14pt; font-family: verdana, geneva;\">A partir del 3 de diciembre en sede de la Instituci\u00f3n Larrea 276, de lunes a viernes de 9 a 11h y de 14h a 20h<\/span><\/p>\n\n\n\n<p>-Completar con letra imprenta may\u00fascula legible.<\/p>\n\n\n\n<p><a rel=\"noreferrer noopener\" href=\"https:\/\/isfdyt70-bue.infd.edu.ar\/sitio\/wp-content\/uploads\/2025\/11\/Planilla-de-Matriculacion-1.doc\" target=\"_blank\"><span style=\"font-size: 14pt; font-family: verdana, geneva;\">-Imprimir y Completar la Planilla de Inscripci\u00f3n<\/span> <\/a><\/p>\n\n\n\n<p>&#8211;Imprimir y Completar <a rel=\"noreferrer noopener\" href=\"https:\/\/isfdyt70-bue.infd.edu.ar\/sitio\/wp-content\/uploads\/2025\/12\/Formacion-Docente-inicial-Tecnica-y-Artistica-Planilla-de-inscripcion-Educacion-Superior_1.pdf\" data-type=\"URL\" data-id=\"https:\/\/isfdyt70-bue.infd.edu.ar\/sitio\/wp-content\/uploads\/2025\/12\/Formacion-Docente-inicial-Tecnica-y-Artistica-Planilla-de-inscripcion-Educacion-Superior_1.pdf\" target=\"_blank\">Solicitud de Inscripci\u00f3n Nivel Superior <\/a><\/p>\n\n\n\n<p class=\"has-medium-font-size\"><span style=\"font-size: 14pt; font-family: verdana, geneva;\">-L<\/span>as y los estudiantes deber\u00e1n cumplimentar ex\u00e1menes m\u00e9dicos cl\u00ednicos, psicol\u00f3gicos, fonoaudiologicos y odontol\u00f3gicos, durante la trayectoria estudiantil. Antes del inicio de cursada de materias con actividad f\u00edsicas, deber\u00e1n cumplimentar los estudios espec\u00edficos. <\/p>\n\n\n\n<p class=\"has-medium-font-size\"><a href=\"https:\/\/isfdyt70-bue.infd.edu.ar\/sitio\/wp-content\/uploads\/2025\/11\/Ficha-Medica.doc\" target=\"_blank\" rel=\"noreferrer noopener\">-Descargar y Completar<span style=\"font-size: 14pt; font-family: verdana, geneva;\">\u2013<\/span>Ficha M\u00e9dica (a completar por aspirante)<\/a><\/p>\n\n\n\n<p class=\"has-medium-font-size\">Descargar y Completar <a rel=\"noreferrer noopener\" href=\"https:\/\/isfdyt70-bue.infd.edu.ar\/sitio\/wp-content\/uploads\/2025\/11\/ANEXO-VII-Salida-Mayores-de-18-anos.docx\" data-type=\"URL\" data-id=\"https:\/\/isfdyt70-bue.infd.edu.ar\/sitio\/wp-content\/uploads\/2025\/11\/ANEXO-VII-Salida-Mayores-de-18-anos.docx\" target=\"_blank\">-Planilla Salida Educativa.<\/a><\/p>\n\n\n\n<p><span style=\"font-size: 14pt; font-family: verdana, geneva;\">-Fotocopia de D.N.I.&nbsp;<\/span><\/p>\n\n\n\n<p><span style=\"font-size: 14pt; font-family: verdana, geneva;\">-2 fotos carnet<\/span><\/p>\n\n\n\n<p>-Fotocopia de carnet de obra social, en caso de poseer.<\/p>\n\n\n\n<p><span style=\"font-size: 14pt; font-family: verdana, geneva;\">-Fotocopia de T\u00edtulo de Nivel Secundario. El T\u00edtulo debe estar registrado en Consejo Escolar.<\/span><\/p>\n\n\n\n<p class=\"has-medium-font-size\">&#8211;<span style=\"font-size: 14pt; font-family: verdana, geneva;\">De no contar a\u00fan con el T\u00edtulo, entregar Constancia de T\u00edtulo en Tr\u00e1mite o constancia de que adeuda materias, emitido por la Escuela Secundaria a la que concurre\/concurri\u00f3.<\/span> La fecha l\u00edmite para culminar los estudios secundarios es el 30\/10.<\/p>\n\n\n\n<h5 class=\"wp-block-heading\"><strong>-La documentaci\u00f3n debe presentarse, COMPLETA, en folio con carpeta colgante para cumplimentar la inscripci\u00f3n. <\/strong><\/h5>\n\n\n\n<p><span style=\"font-size: 14pt; font-family: verdana, geneva;\">El Personal revisar\u00e1 y verificar\u00e1 dicha carpeta para dar por concluido el proceso de inscripci\u00f3n.<\/span><\/p>\n\n\n\n<figure class=\"wp-block-embed is-type-wp-embed is-provider-instituto-superior-de-formacion-docente-y-tecnica-n-70-manuel-belgrano wp-block-embed-instituto-superior-de-formacion-docente-y-tecnica-n-70-manuel-belgrano\"><div class=\"wp-block-embed__wrapper\">\n<blockquote class=\"wp-embedded-content\" data-secret=\"0xBiA3sdU4\"><a href=\"https:\/\/isfdyt70-bue.infd.edu.ar\/sitio\/tecnicatura-superior-en-enfermeria\/\">Tecnicatura Superior en Enfermer\u00eda<\/a><\/blockquote><iframe class=\"wp-embedded-content\" sandbox=\"allow-scripts\" security=\"restricted\" style=\"position: absolute; clip: rect(1px, 1px, 1px, 1px);\" title=\"\u00abTecnicatura Superior en Enfermer\u00eda\u00bb \u2014 Instituto Superior de Formaci\u00f3n Docente y T\u00e9cnica N\u00ba 70 - Manuel Belgrano\" src=\"https:\/\/isfdyt70-bue.infd.edu.ar\/sitio\/tecnicatura-superior-en-enfermeria\/embed\/#?secret=lgOC1O1VGu#?secret=0xBiA3sdU4\" data-secret=\"0xBiA3sdU4\" width=\"600\" height=\"338\" frameborder=\"0\" marginwidth=\"0\" marginheight=\"0\" scrolling=\"no\"><\/iframe>\n<\/div><\/figure>\n\n\n\n<div class=\"wp-block-buttons alignfull is-layout-flex\">\n<div class=\"wp-block-button has-custom-width wp-block-button__width-100 has-custom-font-size has-medium-font-size\"><a class=\"wp-block-button__link has-luminous-dusk-gradient-background has-background wp-element-button\" href=\"https:\/\/forms.gle\/qyXxMGcu6XVbrJEJ8\" target=\"_blank\" rel=\"noreferrer noopener\">Completar despu\u00e9s de entregar la documentaci\u00f3n <\/a><\/div>\n<\/div>\n","protected":false},"excerpt":{"rendered":"<p>PROCEDIMIENTO PARA MATRICULARSE A partir del 3 de diciembre en sede de la Instituci\u00f3n Larrea 276, de lunes a viernes de 9 a 11h y de 14h a 20h -Completar con letra imprenta may\u00fascula legible. -Imprimir y Completar la Planilla de Inscripci\u00f3n &#8211;Imprimir y Completar Solicitud de Inscripci\u00f3n Nivel Superior -Las y los estudiantes deber\u00e1n &#8230; <a title=\"Tecnicatura Superior en Enfermer\u00eda\" class=\"read-more\" href=\"https:\/\/isfdyt70-bue.infd.edu.ar\/sitio\/inscripcion-para-enfermero\/\" aria-label=\"More on Tecnicatura Superior en Enfermer\u00eda\">[+]<\/a><\/p>\n","protected":false},"author":444,"featured_media":0,"parent":0,"menu_order":0,"comment_status":"closed","ping_status":"closed","template":"","meta":[],"acf":[],"_links":{"self":[{"href":"https:\/\/isfdyt70-bue.infd.edu.ar\/sitio\/wp-json\/wp\/v2\/pages\/1004"}],"collection":[{"href":"https:\/\/isfdyt70-bue.infd.edu.ar\/sitio\/wp-json\/wp\/v2\/pages"}],"about":[{"href":"https:\/\/isfdyt70-bue.infd.edu.ar\/sitio\/wp-json\/wp\/v2\/types\/page"}],"author":[{"embeddable":true,"href":"https:\/\/isfdyt70-bue.infd.edu.ar\/sitio\/wp-json\/wp\/v2\/users\/444"}],"replies":[{"embeddable":true,"href":"https:\/\/isfdyt70-bue.infd.edu.ar\/sitio\/wp-json\/wp\/v2\/comments?post=1004"}],"version-history":[{"count":50,"href":"https:\/\/isfdyt70-bue.infd.edu.ar\/sitio\/wp-json\/wp\/v2\/pages\/1004\/revisions"}],"predecessor-version":[{"id":3120,"href":"https:\/\/isfdyt70-bue.infd.edu.ar\/sitio\/wp-json\/wp\/v2\/pages\/1004\/revisions\/3120"}],"wp:attachment":[{"href":"https:\/\/isfdyt70-bue.infd.edu.ar\/sitio\/wp-json\/wp\/v2\/media?parent=1004"}],"curies":[{"name":"wp","href":"https:\/\/api.w.org\/{rel}","templated":true}]}}