{"id":1002,"date":"2018-07-26T14:09:57","date_gmt":"2018-07-26T17:09:57","guid":{"rendered":"https:\/\/isfdyt70-bue.infd.edu.ar\/sitio\/?page_id=1002"},"modified":"2025-12-03T18:52:48","modified_gmt":"2025-12-03T21:52:48","slug":"inscripcion-para-profesor-a-de-educacion-fisica","status":"publish","type":"page","link":"https:\/\/isfdyt70-bue.infd.edu.ar\/sitio\/inscripcion-para-profesor-a-de-educacion-fisica\/","title":{"rendered":"Profesorado de Educaci\u00f3n F\u00edsica"},"content":{"rendered":"\n<h2 class=\"wp-block-heading has-text-align-center has-cool-to-warm-spectrum-gradient-background has-background has-medium-font-size\"><span style=\"font-family: verdana, geneva; font-size: 14pt;\">PROCEDIMIENTO PARA REALIZAR LA MATRICULACI\u00d3N<\/span><\/h2>\n\n\n\n<p class=\"has-medium-font-size\"><span style=\"font-size: 14pt; font-family: verdana, geneva;\">A partir del 3 de diciembre en sede de la Instituci\u00f3n Larrea 276, de lunes a viernes de 9 a 11h y de 14 a 20h<\/span> <\/p>\n\n\n\n<p class=\"has-medium-font-size\">-Completar con letra imprenta may\u00fascula legible.<\/p>\n\n\n\n<p class=\"has-medium-font-size\"><a rel=\"noreferrer noopener\" href=\"https:\/\/isfdyt70-bue.infd.edu.ar\/sitio\/wp-content\/uploads\/2025\/11\/Planilla-de-Matriculacion-1.doc\" data-type=\"URL\" data-id=\"https:\/\/isfdyt70-bue.infd.edu.ar\/sitio\/wp-content\/uploads\/2025\/11\/Planilla-de-Matriculacion-1.doc\" target=\"_blank\">-Planilla de Matriculaci\u00f3n<\/a><\/p>\n\n\n\n<p>&#8211;Imprimir y Completar <a rel=\"noreferrer noopener\" href=\"https:\/\/isfdyt70-bue.infd.edu.ar\/sitio\/wp-content\/uploads\/2025\/12\/Formacion-Docente-inicial-Tecnica-y-Artistica-Planilla-de-inscripcion-Educacion-Superior_1.pdf\" data-type=\"URL\" data-id=\"https:\/\/isfdyt70-bue.infd.edu.ar\/sitio\/wp-content\/uploads\/2025\/12\/Formacion-Docente-inicial-Tecnica-y-Artistica-Planilla-de-inscripcion-Educacion-Superior_1.pdf\" target=\"_blank\">Solicitud de Inscripci\u00f3n Nivel Superior <\/a><\/p>\n\n\n\n<p class=\"has-medium-font-size\">&#8211;<span style=\"font-size: 14pt; font-family: verdana, geneva;\"><a rel=\"noreferrer noopener\" href=\"https:\/\/isfdyt70-bue.infd.edu.ar\/sitio\/wp-content\/uploads\/2025\/11\/Ficha-Medica.doc\" target=\"_blank\">Ficha M\u00e9dica&nbsp;<\/a><\/span>(a completar por el o la estudiante)<\/p>\n\n\n\n<p class=\"has-medium-font-size\">&#8211;<a rel=\"noreferrer noopener\" href=\"https:\/\/isfdyt70-bue.infd.edu.ar\/sitio\/wp-content\/uploads\/2025\/11\/Ficha-Estudios-Medicos-Profesorado-de-Educacion-Fisica.doc\" data-type=\"URL\" data-id=\"https:\/\/isfdyt70-bue.infd.edu.ar\/sitio\/wp-content\/uploads\/2025\/11\/Ficha-Estudios-Medicos-Profesorado-de-Educacion-Fisica.doc\" target=\"_blank\">Ficha M\u00e9dica&nbsp;a completar por m\u00e9dico\/a<\/a><\/p>\n\n\n\n<p>-Fotocopia de carnet de obra social en caso de poseer.<\/p>\n\n\n\n<p class=\"has-medium-font-size\"><span style=\"font-size: 14pt; font-family: verdana, geneva;\">-L<\/span>as y los estudiantes deber\u00e1n cumplimentar ex\u00e1menes m\u00e9dicos cl\u00ednicos, psicol\u00f3gicos, fonoaudiol\u00f3gicos y odontol\u00f3gicos, durante la trayectoria estudiantil. Antes del inicio de cursada de materias con actividad f\u00edsica, deber\u00e1n cumplimentar los estudios espec\u00edficos. <\/p>\n\n\n\n<p class=\"has-medium-font-size\"><span style=\"font-size: 14pt; font-family: verdana, geneva;\">&#8211;<\/span>Presentar Original y copia DNI. <\/p>\n\n\n\n<p class=\"has-medium-font-size\"><span style=\"font-size: 14pt; font-family: verdana, geneva;\">-2 fotos carnet.<\/span><\/p>\n\n\n\n<p class=\"has-medium-font-size\">Imprmir y Completar<a rel=\"noreferrer noopener\" href=\"https:\/\/isfdyt70-bue.infd.edu.ar\/sitio\/wp-content\/uploads\/2025\/11\/ANEXO-VII-Salida-Mayores-de-18-anos.docx\" data-type=\"URL\" data-id=\"https:\/\/isfdyt70-bue.infd.edu.ar\/sitio\/wp-content\/uploads\/2025\/11\/ANEXO-VII-Salida-Mayores-de-18-anos.docx\" target=\"_blank\"> -Planilla Salida Educativa.<\/a><\/p>\n\n\n\n<p class=\"has-medium-font-size\"><span style=\"font-size: 14pt; font-family: verdana, geneva;\">-Original y copia de T\u00edtulo de Nivel Secundario. El T\u00edtulo debe estar registrado en Consejo Escolar.<\/span><\/p>\n\n\n\n<p class=\"has-medium-font-size\"><span style=\"font-size: 14pt; font-family: verdana, geneva;\">De no contar a\u00fan con el T\u00edtulo, entregar Constancia de T\u00edtulo en Tr\u00e1mite o constancia de que adeuda materias, emitido por la Escuela Secundaria a la que concurre\/concurri\u00f3. <\/span><\/p>\n\n\n\n<p class=\"has-medium-font-size\"><span style=\"font-size: 14pt; font-family: verdana, geneva;\">La fecha l\u00edmite para culminar los estudios secundarios es el 30\/10.<\/span><\/p>\n\n\n\n<h5 class=\"wp-block-heading has-medium-font-size\"><strong>-La documentaci\u00f3n debe presentarse completa en <\/strong>carpeta colgante y folio.<\/h5>\n\n\n\n<h5 class=\"wp-block-heading has-medium-font-size\"><strong>-Los estudios m\u00e9dicos requeridos puede ser entregados con posterioridad.<\/strong><\/h5>\n\n\n\n<p class=\"has-medium-font-size\"><span style=\"font-size: 14pt; font-family: verdana, geneva;\">El Personal revisar\u00e1 y verificar\u00e1 la documentaci\u00f3n para dar por concluido el proceso de inscripci\u00f3n.<\/span><\/p>\n\n\n<p><a href=\"https:\/\/isfdyt70-bue.infd.edu.ar\/sitio\/profesorado-de-educacion-fisica-2\/\"><!--more--><\/a><\/p>\n\n\n<figure class=\"wp-block-embed is-type-wp-embed is-provider-instituto-superior-de-formacion-docente-y-tecnica-n-70-manuel-belgrano wp-block-embed-instituto-superior-de-formacion-docente-y-tecnica-n-70-manuel-belgrano\"><div class=\"wp-block-embed__wrapper\">\n<blockquote class=\"wp-embedded-content\" data-secret=\"svCFCXn4e8\"><a href=\"https:\/\/isfdyt70-bue.infd.edu.ar\/sitio\/profesorado-de-educacion-fisica-2\/\">Profesorado de Educaci\u00f3n F\u00edsica<\/a><\/blockquote><iframe class=\"wp-embedded-content\" sandbox=\"allow-scripts\" security=\"restricted\" style=\"position: absolute; clip: rect(1px, 1px, 1px, 1px);\" title=\"\u00abProfesorado de Educaci\u00f3n F\u00edsica\u00bb \u2014 Instituto Superior de Formaci\u00f3n Docente y T\u00e9cnica N\u00ba 70 - Manuel Belgrano\" src=\"https:\/\/isfdyt70-bue.infd.edu.ar\/sitio\/profesorado-de-educacion-fisica-2\/embed\/#?secret=ohO3LUR91X#?secret=svCFCXn4e8\" data-secret=\"svCFCXn4e8\" width=\"600\" height=\"338\" frameborder=\"0\" marginwidth=\"0\" marginheight=\"0\" scrolling=\"no\"><\/iframe>\n<\/div><\/figure>\n\n\n\n<div class=\"wp-block-buttons alignfull is-layout-flex\">\n<div class=\"wp-block-button has-custom-width wp-block-button__width-100 has-custom-font-size has-medium-font-size\"><a class=\"wp-block-button__link has-luminous-dusk-gradient-background has-background wp-element-button\" href=\"https:\/\/forms.gle\/qyXxMGcu6XVbrJEJ8\" target=\"_blank\" rel=\"noreferrer noopener\">\u00daltimo  Paso! A completar si ya entregaste tu documentaci\u00f3n.<\/a><\/div>\n<\/div>\n","protected":false},"excerpt":{"rendered":"<p>PROCEDIMIENTO PARA REALIZAR LA MATRICULACI\u00d3N A partir del 3 de diciembre en sede de la Instituci\u00f3n Larrea 276, de lunes a viernes de 9 a 11h y de 14 a 20h -Completar con letra imprenta may\u00fascula legible. -Planilla de Matriculaci\u00f3n &#8211;Imprimir y Completar Solicitud de Inscripci\u00f3n Nivel Superior &#8211;Ficha M\u00e9dica&nbsp;(a completar por el o la &#8230; <a title=\"Profesorado de Educaci\u00f3n F\u00edsica\" class=\"read-more\" href=\"https:\/\/isfdyt70-bue.infd.edu.ar\/sitio\/inscripcion-para-profesor-a-de-educacion-fisica\/\" aria-label=\"More on Profesorado de Educaci\u00f3n F\u00edsica\">[+]<\/a><\/p>\n","protected":false},"author":444,"featured_media":0,"parent":0,"menu_order":0,"comment_status":"closed","ping_status":"closed","template":"","meta":[],"acf":[],"_links":{"self":[{"href":"https:\/\/isfdyt70-bue.infd.edu.ar\/sitio\/wp-json\/wp\/v2\/pages\/1002"}],"collection":[{"href":"https:\/\/isfdyt70-bue.infd.edu.ar\/sitio\/wp-json\/wp\/v2\/pages"}],"about":[{"href":"https:\/\/isfdyt70-bue.infd.edu.ar\/sitio\/wp-json\/wp\/v2\/types\/page"}],"author":[{"embeddable":true,"href":"https:\/\/isfdyt70-bue.infd.edu.ar\/sitio\/wp-json\/wp\/v2\/users\/444"}],"replies":[{"embeddable":true,"href":"https:\/\/isfdyt70-bue.infd.edu.ar\/sitio\/wp-json\/wp\/v2\/comments?post=1002"}],"version-history":[{"count":56,"href":"https:\/\/isfdyt70-bue.infd.edu.ar\/sitio\/wp-json\/wp\/v2\/pages\/1002\/revisions"}],"predecessor-version":[{"id":3075,"href":"https:\/\/isfdyt70-bue.infd.edu.ar\/sitio\/wp-json\/wp\/v2\/pages\/1002\/revisions\/3075"}],"wp:attachment":[{"href":"https:\/\/isfdyt70-bue.infd.edu.ar\/sitio\/wp-json\/wp\/v2\/media?parent=1002"}],"curies":[{"name":"wp","href":"https:\/\/api.w.org\/{rel}","templated":true}]}}